{"id":4250,"date":"2025-04-09T10:02:19","date_gmt":"2025-04-09T08:02:19","guid":{"rendered":"https:\/\/bodegascenit.com\/politica-de-cookies-en\/"},"modified":"2025-04-09T10:44:07","modified_gmt":"2025-04-09T08:44:07","slug":"politica-de-cookies","status":"publish","type":"page","link":"https:\/\/bodegascenit.com\/en\/politica-de-cookies\/","title":{"rendered":"Cookie Policy"},"content":{"rendered":"\t\t<div data-elementor-type=\"wp-page\" data-elementor-id=\"4250\" class=\"elementor elementor-4250 elementor-4199\" data-elementor-post-type=\"page\">\n\t\t\t\t<div class=\"elementor-element elementor-element-9e518d8 e-flex e-con-boxed e-con e-parent\" data-id=\"9e518d8\" data-element_type=\"container\" data-e-type=\"container\">\n\t\t\t\t\t<div class=\"e-con-inner\">\n\t\t\t\t<div class=\"elementor-element elementor-element-62b9d88 elementor-widget elementor-widget-heading\" data-id=\"62b9d88\" data-element_type=\"widget\" data-e-type=\"widget\" data-widget_type=\"heading.default\">\n\t\t\t\t<div class=\"elementor-widget-container\">\n\t\t\t\t\t<h2 class=\"elementor-heading-title elementor-size-default\">Pol\u00edtica de Cookies\n<br><br><\/h2>\t\t\t\t<\/div>\n\t\t\t\t<\/div>\n\t\t\t\t<div class=\"elementor-element elementor-element-8b109b3 elementor-widget elementor-widget-text-editor\" data-id=\"8b109b3\" data-element_type=\"widget\" data-e-type=\"widget\" data-widget_type=\"text-editor.default\">\n\t\t\t\t<div class=\"elementor-widget-container\">\n\t\t\t\t\t\t\t\t\t<b>En la presente Web se utiliza una tecnolog\u00eda denominada \u00abCookies\u00bb, con el fin de facilitar la navegaci\u00f3n de los usuarios (en adelante, los \u00abUsuarios\u00bb) y mostrarles informaci\u00f3n que pueda resultar de su inter\u00e9s siempre que acceda a nuestra Web. El titular del Web cumple con la normativa vigente que regula el uso de Cookies, Ley 34\/2002 de 11 de julio, de Servicios de la Sociedad de Informaci\u00f3n y de Comercio Electr\u00f3nico (\u00abLSSICE\u00bb). El Usuario podr\u00e1 encontrar en nuestra Pol\u00edtica de Cookies informaci\u00f3n sobre el tipo de Cookies que utilizamos en la Web, los fines para los que se utilizan y las opciones de las que se dispone para controlarlas o eliminarlas.   <\/b>\n\n<b>\u00bfQu\u00e9 son las cookies?<\/b>\n\nUna Cookie es un archivo que se descarga en su equipo (ordenador o dispositivo m\u00f3vil) con la finalidad de almacenar datos que podr\u00e1n ser actualizados y recuperados por la entidad responsable de su instalaci\u00f3n. La informaci\u00f3n recabada a trav\u00e9s de las Cookies puede incluir la fecha y hora de visitas al Sitio Web, las p\u00e1ginas visitadas, el tiempo que ha estado en nuestro Sitio Web y las acciones realizadas. En funci\u00f3n del uso y del contenido de las mismas, las cookies podr\u00e1n utilizarse para reconocer al Usuario.  \n\n<b>\u00bfQu\u00e9 tipo de cookies podr\u00edan usarse en este Sitio Web y con qu\u00e9 finalidad?<\/b>\t\t\t\t\t\t\t\t<\/div>\n\t\t\t\t<\/div>\n\t\t\t\t<div class=\"elementor-element elementor-element-6c30d19 elementor-widget elementor-widget-html\" data-id=\"6c30d19\" data-element_type=\"widget\" data-e-type=\"widget\" data-widget_type=\"html.default\">\n\t\t\t\t<div class=\"elementor-widget-container\">\n\t\t\t\t\t<!-- OneTrust Cookies List start -->\n<div style=\"color: #88887E; font-family: Open Sans;\" id=\"ot-sdk-cookie-policy\"><\/div>\n<!-- OneTrust Cookies List end -->\t\t\t\t<\/div>\n\t\t\t\t<\/div>\n\t\t\t\t<div class=\"elementor-element elementor-element-3ecbd79 elementor-widget elementor-widget-text-editor\" data-id=\"3ecbd79\" data-element_type=\"widget\" data-e-type=\"widget\" data-widget_type=\"text-editor.default\">\n\t\t\t\t<div class=\"elementor-widget-container\">\n\t\t\t\t\t\t\t\t\t<p><strong>\u00bfCu\u00e1ndo otorgo mi consentimiento para el uso de cookies?<\/strong><\/p>\n<p><b><\/b>Cuando el Usuario accede a nuestro Sitio Web y antes de comenzar la navegaci\u00f3n, es advertido sobre el uso de Cookies de manera que puede prestar su consentimiento en relaci\u00f3n a nuestra Pol\u00edtica de Cookies si hace clic en \u201cAceptar\u201d en el aviso de Cookies.<\/p>\n<p><strong> Plazos de conservaci\u00f3n y ejercicio de Derechos ARSO <\/strong><\/p>\n<p>El titular de la Web, al obtener informaci\u00f3n autom\u00e1ticamente del Sitio Web a trav\u00e9s de las cookies, puede recabar datos personales de los Usuarios, relativos a su dispositivo inform\u00e1tico, el uso del Sitio Web o sus h\u00e1bitos de comportamiento. Esta informaci\u00f3n puede incluir, entre otros, datos sobre el idioma, las p\u00e1ginas o secciones del Sitio Web, palabras clave, fecha, hora, tiempo que el Usuario permanece en cierto tipo de p\u00e1ginas, direcci\u00f3n IP, identificador publicitario, que secci\u00f3n de la p\u00e1gina ha visitado e informaci\u00f3n similar relativa al uso del Sitio Web. El titular de la Web puede recabar dicha informaci\u00f3n gracias al uso de cookies.  <\/p>\n<p>En este sentido, en lo que respecta a la informaci\u00f3n que identifique o haga identificable a los Usuarios, ser\u00e1 de aplicaci\u00f3n lo dispuesto en la Pol\u00edtica de Privacidad. Si el Usuario tiene dudas acerca de cu\u00e1nto tiempo conservamos los datos personales obtenidos a trav\u00e9s de las cookies, o desea ejercitar los derechos de acceso, rectificaci\u00f3n, supresi\u00f3n u oposici\u00f3n reconocidos en la normativa de protecci\u00f3n, puede consultar la <a href=\"https:\/\/www.bodegaobalo.com\/?page_id=257\">Pol\u00edtica de Privacidad<\/a> <\/p>\n<p><strong>\u00bfC\u00f3mo puedo deshabilitar y bloquear las cookies?<\/strong><\/p>\n<p>El titular de la Web podr\u00e1 en cualquier momento deshabilitar las Cookies y continuar su navegaci\u00f3n, si bien la misma se ver\u00e1 limitada en varias de sus secciones y su navegaci\u00f3n podr\u00eda ser bloqueada en cualquier momento. El Usuario podr\u00e1 bloquearlas o deshabilitarlas activando la configuraci\u00f3n de su navegador, que le permite rechazar la instalaci\u00f3n de todas las Cookies o de algunas de ellas. La mayor\u00eda de los navegadores permiten advertir de la presencia de Cookies o rechazarlas autom\u00e1ticamente. Si las rechaza podr\u00e1 seguir usando nuestro Sitio Web, aunque el uso de algunos de sus servicios podr\u00e1 ser limitado y por tanto su experiencia en nuestro Sitio Web menos satisfactoria.   <\/p>\n<p>Para optar por no ser rastreados por Google Analytics en todas las p\u00e1ginas web, visite el siguiente enlace:<\/p>\n<p><a href=\"https:\/\/tools.google.com\/dlpage\/gaoptout?hl=es\">https:\/\/tools.google.com\/dlpage\/gaoptout?hl=es<\/a>.<\/p>\n<p>Salvo que haya ajustado la configuraci\u00f3n de su navegador, nuestro sistema crear\u00e1 Cookies en cuanto visite nuestro Sitio Web y acepte nuestra Pol\u00edtica de Cookies. Tenga presente que todos los navegadores de Internet permiten el cambio de dicha configuraci\u00f3n. <\/p>\n<p>Para obtener m\u00e1s informaci\u00f3n sobre la forma de ajustar la configuraci\u00f3n de las Cookies, seg\u00fan el navegador que el Usuario utilice habitualmente, le recomendamos que visite los siguientes enlaces:<\/p>\n<p><strong>Internet Explorer:<\/strong><\/p>\n<p><a href=\"https:\/\/support.microsoft.com\/es-es\/help\/17442\/windows-internet-explorer-delete-manage-cookies\">https:\/\/support.microsoft.com\/es-es\/help\/17442\/windows-internet-explorer-delete-manage-cookies<\/a><\/p>\n<p><strong>Firefox:<\/strong><\/p>\n<p><a href=\"https:\/\/support.mozilla.org\/es\/kb\/cookies-informacion-que-los-sitios-web-guardan-en\">https:\/\/support.mozilla.org\/es\/kb\/cookies-informacion-que-los-sitios-web-guardan-en<\/a><\/p>\n<p><strong>Chrome:<\/strong><\/p>\n<p><a href=\"https:\/\/support.google.com\/chrome\/answer\/95647?hl=es\">https:\/\/support.google.com\/chrome\/answer\/95647?hl=es<\/a><\/p>\n<p><strong>Safari:<\/strong><\/p>\n<p><a href=\"https:\/\/support.apple.com\/kb\/ph21411?locale=es_ES\">https:\/\/support.apple.com\/kb\/ph21411?locale=es_ES<\/a><\/p>\n<p><strong>iOS:<\/strong><\/p>\n<p><a href=\"https:\/\/support.apple.com\/es-es\/HT201265\">https:\/\/support.apple.com\/es-es\/HT201265<\/a><\/p>\n<p><strong>Opera:<\/strong><\/p>\n<p><a href=\"http:\/\/help.opera.com\/Mac\/12.10\/es-LA\/cookies.html\">http:\/\/help.opera.com\/Mac\/12.10\/es-LA\/cookies.html<\/a><\/p>\n<p><strong>\u00bfC\u00f3mo puedo revocar mi consentimiento?<\/strong><\/p>\n<p>El Usuario podr\u00e1, en cualquier momento, revocar el consentimiento otorgado en relaci\u00f3n al uso de Cookies que nos autorice a realizar, para lo cual deber\u00e1 eliminar las Cookies almacenadas en su equipo (ordenador o dispositivo m\u00f3vil) a trav\u00e9s de los ajustes y configuraciones de su navegador de Internet.<\/p>\n<p>Sin embargo, debe tener en cuenta que, en la mayor\u00eda de los casos, eliminar o deshabilitar las Cookies podr\u00eda afectar la funcionalidad de nuestro Sitio Web y limitarle el acceso a ciertas \u00e1reas o servicios ofrecidos a trav\u00e9s del mismo.<\/p>\n\t\t\t\t\t\t\t\t<\/div>\n\t\t\t\t<\/div>\n\t\t\t\t\t<\/div>\n\t\t\t\t<\/div>\n\t\t\t\t<\/div>\n\t\t","protected":false},"excerpt":{"rendered":"<p>Pol\u00edtica de Cookies En la presente Web se utiliza una tecnolog\u00eda denominada \u00abCookies\u00bb, con el fin de facilitar la navegaci\u00f3n de los usuarios (en adelante, los \u00abUsuarios\u00bb) y mostrarles informaci\u00f3n que pueda resultar de su inter\u00e9s siempre que acceda a nuestra Web. El titular del Web cumple con la normativa vigente que regula el uso [&hellip;]<\/p>\n","protected":false},"author":1,"featured_media":0,"parent":0,"menu_order":0,"comment_status":"closed","ping_status":"closed","template":"","meta":{"footnotes":""},"class_list":["post-4250","page","type-page","status-publish","hentry"],"yoast_head":"<!-- This site is optimized with the Yoast SEO plugin v27.4 - https:\/\/yoast.com\/product\/yoast-seo-wordpress\/ -->\n<title>Cookie Policy | Vi\u00f1as del Cenit<\/title>\n<meta name=\"robots\" content=\"index, follow, max-snippet:-1, max-image-preview:large, max-video-preview:-1\" \/>\n<link rel=\"canonical\" href=\"https:\/\/bodegascenit.com\/en\/politica-de-cookies\/\" \/>\n<meta property=\"og:locale\" content=\"en_US\" \/>\n<meta property=\"og:type\" content=\"article\" \/>\n<meta property=\"og:title\" content=\"Cookie Policy | Vi\u00f1as del Cenit\" \/>\n<meta property=\"og:description\" content=\"Pol\u00edtica de Cookies En la presente Web se utiliza una tecnolog\u00eda denominada \u00abCookies\u00bb, con el fin de facilitar la navegaci\u00f3n de los usuarios (en adelante, los \u00abUsuarios\u00bb) y mostrarles informaci\u00f3n que pueda resultar de su inter\u00e9s siempre que acceda a nuestra Web. El titular del Web cumple con la normativa vigente que regula el uso [&hellip;]\" \/>\n<meta property=\"og:url\" content=\"https:\/\/bodegascenit.com\/en\/politica-de-cookies\/\" \/>\n<meta property=\"og:site_name\" content=\"Vi\u00f1as del Cenit\" \/>\n<meta property=\"article:publisher\" content=\"https:\/\/www.facebook.com\/profile.php?id=100080266458466#\" \/>\n<meta property=\"article:modified_time\" content=\"2025-04-09T08:44:07+00:00\" \/>\n<meta property=\"og:image\" content=\"https:\/\/bodegascenit.com\/wp-content\/uploads\/2024\/11\/Bodegas-Vinas-del-Cenit-logo.png\" \/>\n\t<meta property=\"og:image:width\" content=\"544\" \/>\n\t<meta property=\"og:image:height\" content=\"294\" \/>\n\t<meta property=\"og:image:type\" content=\"image\/png\" \/>\n<meta name=\"twitter:card\" content=\"summary_large_image\" \/>\n<meta name=\"twitter:label1\" content=\"Est. reading time\" \/>\n\t<meta name=\"twitter:data1\" content=\"4 minutes\" \/>\n<script type=\"application\/ld+json\" class=\"yoast-schema-graph\">{\"@context\":\"https:\\\/\\\/schema.org\",\"@graph\":[{\"@type\":\"WebPage\",\"@id\":\"https:\\\/\\\/bodegascenit.com\\\/en\\\/politica-de-cookies\\\/\",\"url\":\"https:\\\/\\\/bodegascenit.com\\\/en\\\/politica-de-cookies\\\/\",\"name\":\"Cookie Policy | Vi\u00f1as del Cenit\",\"isPartOf\":{\"@id\":\"https:\\\/\\\/bodegascenit.com\\\/#website\"},\"datePublished\":\"2025-04-09T08:02:19+00:00\",\"dateModified\":\"2025-04-09T08:44:07+00:00\",\"breadcrumb\":{\"@id\":\"https:\\\/\\\/bodegascenit.com\\\/en\\\/politica-de-cookies\\\/#breadcrumb\"},\"inLanguage\":\"en-US\",\"potentialAction\":[{\"@type\":\"ReadAction\",\"target\":[\"https:\\\/\\\/bodegascenit.com\\\/en\\\/politica-de-cookies\\\/\"]}]},{\"@type\":\"BreadcrumbList\",\"@id\":\"https:\\\/\\\/bodegascenit.com\\\/en\\\/politica-de-cookies\\\/#breadcrumb\",\"itemListElement\":[{\"@type\":\"ListItem\",\"position\":1,\"name\":\"Home\",\"item\":\"https:\\\/\\\/bodegascenit.com\\\/en\\\/home\\\/\"},{\"@type\":\"ListItem\",\"position\":2,\"name\":\"Cookie Policy\"}]},{\"@type\":\"WebSite\",\"@id\":\"https:\\\/\\\/bodegascenit.com\\\/#website\",\"url\":\"https:\\\/\\\/bodegascenit.com\\\/\",\"name\":\"Vi\u00f1as del Cenit\",\"description\":\"Viaja al origen de Tierra de Vino\",\"publisher\":{\"@id\":\"https:\\\/\\\/bodegascenit.com\\\/#organization\"},\"potentialAction\":[{\"@type\":\"SearchAction\",\"target\":{\"@type\":\"EntryPoint\",\"urlTemplate\":\"https:\\\/\\\/bodegascenit.com\\\/?s={search_term_string}\"},\"query-input\":{\"@type\":\"PropertyValueSpecification\",\"valueRequired\":true,\"valueName\":\"search_term_string\"}}],\"inLanguage\":\"en-US\"},{\"@type\":\"Organization\",\"@id\":\"https:\\\/\\\/bodegascenit.com\\\/#organization\",\"name\":\"Vi\u00f1as del Cenit\",\"url\":\"https:\\\/\\\/bodegascenit.com\\\/\",\"logo\":{\"@type\":\"ImageObject\",\"inLanguage\":\"en-US\",\"@id\":\"https:\\\/\\\/bodegascenit.com\\\/#\\\/schema\\\/logo\\\/image\\\/\",\"url\":\"https:\\\/\\\/bodegascenit.com\\\/wp-content\\\/uploads\\\/2024\\\/11\\\/Bodegas-Vinas-del-Cenit-logo.png\",\"contentUrl\":\"https:\\\/\\\/bodegascenit.com\\\/wp-content\\\/uploads\\\/2024\\\/11\\\/Bodegas-Vinas-del-Cenit-logo.png\",\"width\":544,\"height\":294,\"caption\":\"Vi\u00f1as del Cenit\"},\"image\":{\"@id\":\"https:\\\/\\\/bodegascenit.com\\\/#\\\/schema\\\/logo\\\/image\\\/\"},\"sameAs\":[\"https:\\\/\\\/www.facebook.com\\\/profile.php?id=100080266458466#\",\"https:\\\/\\\/www.instagram.com\\\/bodegasvinasdelcenit\\\/\"]}]}<\/script>\n<!-- \/ Yoast SEO plugin. -->","yoast_head_json":{"title":"Cookie Policy | Vi\u00f1as del Cenit","robots":{"index":"index","follow":"follow","max-snippet":"max-snippet:-1","max-image-preview":"max-image-preview:large","max-video-preview":"max-video-preview:-1"},"canonical":"https:\/\/bodegascenit.com\/en\/politica-de-cookies\/","og_locale":"en_US","og_type":"article","og_title":"Cookie Policy | Vi\u00f1as del Cenit","og_description":"Pol\u00edtica de Cookies En la presente Web se utiliza una tecnolog\u00eda denominada \u00abCookies\u00bb, con el fin de facilitar la navegaci\u00f3n de los usuarios (en adelante, los \u00abUsuarios\u00bb) y mostrarles informaci\u00f3n que pueda resultar de su inter\u00e9s siempre que acceda a nuestra Web. El titular del Web cumple con la normativa vigente que regula el uso [&hellip;]","og_url":"https:\/\/bodegascenit.com\/en\/politica-de-cookies\/","og_site_name":"Vi\u00f1as del Cenit","article_publisher":"https:\/\/www.facebook.com\/profile.php?id=100080266458466#","article_modified_time":"2025-04-09T08:44:07+00:00","og_image":[{"width":544,"height":294,"url":"https:\/\/bodegascenit.com\/wp-content\/uploads\/2024\/11\/Bodegas-Vinas-del-Cenit-logo.png","type":"image\/png"}],"twitter_card":"summary_large_image","twitter_misc":{"Est. reading time":"4 minutes"},"schema":{"@context":"https:\/\/schema.org","@graph":[{"@type":"WebPage","@id":"https:\/\/bodegascenit.com\/en\/politica-de-cookies\/","url":"https:\/\/bodegascenit.com\/en\/politica-de-cookies\/","name":"Cookie Policy | Vi\u00f1as del Cenit","isPartOf":{"@id":"https:\/\/bodegascenit.com\/#website"},"datePublished":"2025-04-09T08:02:19+00:00","dateModified":"2025-04-09T08:44:07+00:00","breadcrumb":{"@id":"https:\/\/bodegascenit.com\/en\/politica-de-cookies\/#breadcrumb"},"inLanguage":"en-US","potentialAction":[{"@type":"ReadAction","target":["https:\/\/bodegascenit.com\/en\/politica-de-cookies\/"]}]},{"@type":"BreadcrumbList","@id":"https:\/\/bodegascenit.com\/en\/politica-de-cookies\/#breadcrumb","itemListElement":[{"@type":"ListItem","position":1,"name":"Home","item":"https:\/\/bodegascenit.com\/en\/home\/"},{"@type":"ListItem","position":2,"name":"Cookie Policy"}]},{"@type":"WebSite","@id":"https:\/\/bodegascenit.com\/#website","url":"https:\/\/bodegascenit.com\/","name":"Vi\u00f1as del Cenit","description":"Viaja al origen de Tierra de Vino","publisher":{"@id":"https:\/\/bodegascenit.com\/#organization"},"potentialAction":[{"@type":"SearchAction","target":{"@type":"EntryPoint","urlTemplate":"https:\/\/bodegascenit.com\/?s={search_term_string}"},"query-input":{"@type":"PropertyValueSpecification","valueRequired":true,"valueName":"search_term_string"}}],"inLanguage":"en-US"},{"@type":"Organization","@id":"https:\/\/bodegascenit.com\/#organization","name":"Vi\u00f1as del Cenit","url":"https:\/\/bodegascenit.com\/","logo":{"@type":"ImageObject","inLanguage":"en-US","@id":"https:\/\/bodegascenit.com\/#\/schema\/logo\/image\/","url":"https:\/\/bodegascenit.com\/wp-content\/uploads\/2024\/11\/Bodegas-Vinas-del-Cenit-logo.png","contentUrl":"https:\/\/bodegascenit.com\/wp-content\/uploads\/2024\/11\/Bodegas-Vinas-del-Cenit-logo.png","width":544,"height":294,"caption":"Vi\u00f1as del Cenit"},"image":{"@id":"https:\/\/bodegascenit.com\/#\/schema\/logo\/image\/"},"sameAs":["https:\/\/www.facebook.com\/profile.php?id=100080266458466#","https:\/\/www.instagram.com\/bodegasvinasdelcenit\/"]}]}},"_links":{"self":[{"href":"https:\/\/bodegascenit.com\/en\/wp-json\/wp\/v2\/pages\/4250","targetHints":{"allow":["GET"]}}],"collection":[{"href":"https:\/\/bodegascenit.com\/en\/wp-json\/wp\/v2\/pages"}],"about":[{"href":"https:\/\/bodegascenit.com\/en\/wp-json\/wp\/v2\/types\/page"}],"author":[{"embeddable":true,"href":"https:\/\/bodegascenit.com\/en\/wp-json\/wp\/v2\/users\/1"}],"replies":[{"embeddable":true,"href":"https:\/\/bodegascenit.com\/en\/wp-json\/wp\/v2\/comments?post=4250"}],"version-history":[{"count":2,"href":"https:\/\/bodegascenit.com\/en\/wp-json\/wp\/v2\/pages\/4250\/revisions"}],"predecessor-version":[{"id":4252,"href":"https:\/\/bodegascenit.com\/en\/wp-json\/wp\/v2\/pages\/4250\/revisions\/4252"}],"wp:attachment":[{"href":"https:\/\/bodegascenit.com\/en\/wp-json\/wp\/v2\/media?parent=4250"}],"curies":[{"name":"wp","href":"https:\/\/api.w.org\/{rel}","templated":true}]}}