{"id":4229,"date":"2025-04-09T10:01:17","date_gmt":"2025-04-09T08:01:17","guid":{"rendered":"https:\/\/bodegascenit.com\/politica-de-privacidad-en\/"},"modified":"2025-04-09T10:21:37","modified_gmt":"2025-04-09T08:21:37","slug":"politica-de-privacidad","status":"publish","type":"page","link":"https:\/\/bodegascenit.com\/en\/politica-de-privacidad\/","title":{"rendered":"Pol\u00edtica de Privacidad"},"content":{"rendered":"\t\t<div data-elementor-type=\"wp-page\" data-elementor-id=\"4229\" class=\"elementor elementor-4229 elementor-4198\" data-elementor-post-type=\"page\">\n\t\t\t\t<div class=\"elementor-element elementor-element-f99dffe e-flex e-con-boxed e-con e-parent\" data-id=\"f99dffe\" data-element_type=\"container\" data-e-type=\"container\">\n\t\t\t\t\t<div class=\"e-con-inner\">\n\t\t\t\t<div class=\"elementor-element elementor-element-184894a elementor-widget elementor-widget-heading\" data-id=\"184894a\" data-element_type=\"widget\" data-e-type=\"widget\" data-widget_type=\"heading.default\">\n\t\t\t\t<div class=\"elementor-widget-container\">\n\t\t\t\t\t<h2 class=\"elementor-heading-title elementor-size-default\">Pol\u00edtica de Privacidad<\/h2>\t\t\t\t<\/div>\n\t\t\t\t<\/div>\n\t\t\t\t<div class=\"elementor-element elementor-element-b6b553c elementor-widget elementor-widget-text-editor\" data-id=\"b6b553c\" data-element_type=\"widget\" data-e-type=\"widget\" data-widget_type=\"text-editor.default\">\n\t\t\t\t<div class=\"elementor-widget-container\">\n\t\t\t\t\t\t\t\t\t<p>Al navegar por el sitio web https:\/\/www.bodegascenit.com\/ (el \u201cSitio Web\u201d) o al contactar a trav\u00e9s alguno de los formularios dispuestos a tales efectos el Usuario acepta la presente Pol\u00edtica de Privacidad.<\/p>\n<p><b> <\/b><\/p>\n<p><b>1. \u00bfQui\u00e9n es el responsable del tratamiento de sus datos?<br \/><\/b>Los datos identificativos del responsable y del responsable de privacidad son los siguientes:<\/p>\n<figure class=\"wp-block-table\">\n<table>\n<tbody>\n<tr>\n<td><strong>Denominaci\u00f3n social<\/strong><\/td>\n<td>INVERAVANTE SELECTA, S.L.<\/td>\n<\/tr>\n<tr>\n<td><strong>Domicilio social<\/strong><\/td>\n<td>Avenida Linares Rivas, n\u00ba1-2-3, bajo, 15005 A Coru\u00f1a<\/td>\n<\/tr>\n<tr>\n<td><strong>CIF<\/strong><\/td>\n<td>B 70218268<\/td>\n<\/tr>\n<tr>\n<td><strong>Tel\u00e9fono de contacto<\/strong><\/td>\n<td>+34 914 445 333<\/td>\n<\/tr>\n<tr>\n<td><strong>Correo electr\u00f3nico de contacto<\/strong><\/td>\n<td><a href=\"mailto:cliente@terraselecta.com\"><span style=\"color: #000000;\">cliente@terraselecta.com<\/span><\/a><\/td>\n<\/tr>\n<tr>\n<td><strong>Informaci\u00f3n Registral<\/strong><\/td>\n<td>Registro Mercantil de La Coru\u00f1a, en el Tomo 3.364, Folio 172, Hoja n\u00famero C-45.204, inscripci\u00f3n 1\u00aa<\/td>\n<\/tr>\n<\/tbody>\n<\/table>\n<\/figure>\n<p><b> <\/b><\/p>\n<p><b>2. \u00bfQu\u00e9 tipo de datos son recabados por Selecta y cu\u00e1les son las finalidades del tratamiento de sus datos?<br \/><\/b>2.1. Todos los datos de car\u00e1cter personal facilitados a trav\u00e9s del Sitio Web quedar\u00e1n incorporados en la base de datos \u201cUsuarios Sitio Web\u201d responsabilidad de Selecta que quedan inscritos el Registro de Tratamientos.<\/p>\n<p>2.2. Los datos personales consisten en informaci\u00f3n que permite identificar a personas individuales. Algunos ejemplos de datos personales son el nombre, la direcci\u00f3n postal, la direcci\u00f3n de correo electr\u00f3nico o el n\u00famero de tel\u00e9fono. Nosotros recabamos solamente la informaci\u00f3n personal que el Usuario facilita voluntariamente a trav\u00e9s de nuestro Sitio Web.  <\/p>\n<p>2.3. En concreto Selecta recaba los siguientes datos personales del Usuario facilitados directamente por \u00e9l:<br \/>Compraventa de productos de Selecta: para realizar la compra de productos de Selecta a trav\u00e9s del Sitio Web el Usuario deber\u00e1 introducir sus datos personales, tales como nombre y apellidos, fecha de nacimiento, n\u00famero de identificaci\u00f3n fiscal, correo electr\u00f3nico de contacto, contrase\u00f1a y direcci\u00f3n de entrega.<br \/>Comunicaciones del Usuario: cualesquiera datos particulares comunicados por el Usuario en el curso de sus comunicaciones con Selecta a los efectos de realizar o resolver cualquier contacto, incidencia o reclamaci\u00f3n.<\/p>\n<p>2.4. Adicionalmente a los datos personales referidos en el apartado anterior, Selecta recaba informaci\u00f3n que el Sitio Web obtiene autom\u00e1ticamente relativa a la identificaci\u00f3n de su dispositivo inform\u00e1tico, el uso del Sitio Web y sobre sus h\u00e1bitos de comportamiento. Esta informaci\u00f3n incluye datos sobre el idioma, las p\u00e1ginas o secciones del Sitio Web, palabras clave, fecha, hora, tiempo que el Usuario permanece en cierto tipo de p\u00e1ginas, que secci\u00f3n de la p\u00e1gina ha visitado e informaci\u00f3n similar relativa al uso del Sitio Web. Selecta puede recabar dicha informaci\u00f3n gracias al uso de cookies. Para saber m\u00e1s puede acceder a nuestra Pol\u00edtica de Cookies.   <\/p>\n<p>2.5. Selecta puede enriquecer los datos de car\u00e1cter personal del Usuario con informaci\u00f3n no identificativa que haya obtenido bien por el Usuario bien por el Sitio Web, tal y como se describe anteriormente. En caso de combinaciones de datos personales con informaci\u00f3n no personal, la informaci\u00f3n combinada ser\u00e1 tratada como dato de car\u00e1cter personal durante el tiempo que se mantenga combinada. <\/p>\n<p>2.6. Cualquier dato de car\u00e1cter personal tratado por Selecta podr\u00e1 ser utilizada para los siguientes fines:<br \/>Gestionar el correcto funcionamiento del Sitio Web y facilitar al Usuario las herramientas necesarias para el disfrute del mismo.<br \/>Analizar, mejorar y optimizar el uso del Sitio Web.<br \/>Facilitar informaci\u00f3n a los Usuarios de las actividades realizadas por Selecta<br \/>Resolver reclamaciones, incidencias o consultas a trav\u00e9s de canales habilitados al efecto: formulario de contacto.<br \/>Entrega de los productos solicitados y cumplimiento del pedido solicitado por el Cliente<br \/>Env\u00edo de felicitaciones de Navidad o de cumplea\u00f1os.<br \/>Env\u00edo de comunicaciones comerciales sobre productos y servicios de Selecta, si es aceptado expresamente por el Usuario.<\/p>\n<p>2.7. Si Selecta proyectara el tratamiento ulterior de sus datos personales para un fin distinto a los recogidos en este apartado, se le informar\u00e1 previamente, incluyendo toda la informaci\u00f3n que sea relevante, as\u00ed como las consecuencias previstas de dicho tratamiento.<\/p>\n<p>2.8. Recuerde que puede oponerse en cualquier momento al tratamiento de sus datos, enviando un email a rgpd@terraselecta.com adjuntando copia de su DNI e incluyendo como asunto del email \u201cSUPRESI\u00d3N DE DATOS\u201d o enviar una solicitud por escrito a Avenida Linares Rivas, n\u00ba 1, 2 y 3, bajo, entreplanta (15005)- A Coru\u00f1a.<\/p>\n<p>2.9. Selecta conservar\u00e1 sus datos personales y podr\u00e1 tratarlos conforme a las finalidades descritas mientras no se solicite la supresi\u00f3n por el interesado. En el supuesto de baja, Selecta conservar\u00e1 bloqueados los dem\u00e1s datos, conforme a las medidas de seguridad previstas legalmente, durante el plazo legal de prescripci\u00f3n de las posibles acciones legales y procedimientos administrativos que puedan iniciarse en relaci\u00f3n con Selecta. <\/p>\n<p><b> <\/b><\/p>\n<p><b>3. \u00bfCu\u00e1l es la legitimaci\u00f3n para el tratamiento de sus datos?<br \/><\/b>3.1. La base legal para el tratamiento de los datos personales es el inter\u00e9s leg\u00edtimo para permitir la funcionalidad de la navegaci\u00f3n por el Sitio Web.<\/p>\n<p>3.2. En cumplimiento de un contrato, para gestionar los pedidos y entrega de los productos solicitados por el Usuario.<\/p>\n<p>3.3. Cuando el Usuario presta su consentimiento expreso al completar los respectivos formularios con la informaci\u00f3n de contacto para atender posibles consultas o incidencias.<\/p>\n<p>3.4. Cuando el Usuario presta su consentimiento expreso para recibir comunicaciones comerciales sobre los productos o servicios de Selecta, por cualquier medio incluidos los electr\u00f3nicos.<\/p>\n<p><b> <\/b><\/p>\n<p><b>4. \u00bfA qu\u00e9 destinatarios se les comunicar\u00e1n sus datos?<br \/><\/b>4.1. Todas las comunicaciones de datos siempre se llevar\u00e1n a cabo cumpliendo con lo establecido en la normativa vigente en materia de protecci\u00f3n de datos y, en particular, en el Reglamento UE 2016\/679 del parlamento europeo y del consejo de 27 de abril de 2016 relativo a la protecci\u00f3n de las personas f\u00edsicas en lo que respecta al tratamiento de datos personales y a la libre circulaci\u00f3n de estos datos (\u201cReglamento UE\u201d).<\/p>\n<p>4.2. No se ceder\u00e1n los datos a terceros. Selecta \u00fanicamente podr\u00e1 revelar informaci\u00f3n personal del Usuario a las administraciones p\u00fablicas cuando \u00e9sta le sea requerida y cuando dicha informaci\u00f3n sea exigible por aquellas conforme a la legislaci\u00f3n vigente. <\/p>\n<p>4.3. No obstante, Selecta podr\u00e1 permitir el tratamiento de sus datos personales por parte de la filial de su Grupo INVERAVANTE INVERSIONES UNIVERSALES, S.L., que actuar\u00e1 como encargado del tratamiento, para prestar un correcto servicio de gesti\u00f3n y entrega de los productos solicitados.<\/p>\n<p><b> <\/b><\/p>\n<p><b>5. \u00bfQu\u00e9 derechos amparan al usuario cuando nos facilita sus datos?<br \/><\/b>5.1. En cualquier momento podr\u00e1 ejercer ante Selecta sus derechos de acceso, rectificaci\u00f3n, supresi\u00f3n y oposici\u00f3n (ARSO), en los t\u00e9rminos previstos en la normativa vigente. Esto significa que el Usuario podr\u00e1 solicitarnos conocer qu\u00e9 datos suyos tenemos, o actualizarlos, as\u00ed como solicitar que Selecta deje de utilizar los datos para una finalidad concreta, o simplemente, requerir que suprimamos todos o algunos de sus datos de car\u00e1cter personal de nuestros ficheros y bases de datos. <\/p>\n<p>5.2. En caso de que el Usuario se oponga al tratamiento de sus datos, Selecta dejar\u00e1 de tratar los datos, salvo por motivos leg\u00edtimos previstos en la normativa vigente o por el ejercicio o la defensa de posibles reclamaciones.<\/p>\n<p>5.3.Adem\u00e1s, el Usuario podr\u00e1 ejercitar los siguientes derechos frente a Selecta:.<br \/>El derecho al olvido permite que el Usuario de los datos pueda solicitar que \u00e9stos sean suprimidos cuando no sean veraces, excesivos o hayan quedado obsoletos.<br \/>El derecho a la portabilidad permite que el Usuario pueda solicitar una copia de todos los datos que Selecta conserva sobre ellos para migrarlos a otra plataforma que haya seleccionado.<br \/>El derecho a la limitaci\u00f3n del tratamiento permite al Usuario (i) que impugne la exactitud de los datos personales, durante un plazo que permita al responsable verificar la exactitud de los mismos o (ii) impugnar que el tratamiento sea il\u00edcito y el Usuario se oponga a la supresi\u00f3n de los datos personales y solicite en su lugar la limitaci\u00f3n de su uso, en cuyo caso Selecta s\u00f3lo conservar\u00e1 los datos personales para el ejercicio o la defensa de reclamaciones.  <\/p>\n<p>5.4. Tras el ejercicio por parte del Usuario de alguno de estos derechos, y durante el tiempo de verificaci\u00f3n por parte de Selecta, los datos permanecer\u00e1n bloqueados mientras se comprueban ciertas circunstancias de los mismos no pudiendo Selecta cancelar o tratar dichos datos.<\/p>\n<p>Para el ejercicio de cualesquiera de los derechos descritos, el Usuario deber\u00e1 contactar con Selecta a trav\u00e9s de la siguiente direcci\u00f3n de correo electr\u00f3nico rgpd@terraselecta.com o enviar una solicitud por escrito a Avenida Linares Rivas, n\u00ba 1, 2 y 3, bajo, entreplanta (15005)- A Coru\u00f1a incluyendo como asunto del email \u201cEJERCICIO DE DERECHOS\u201d, indicando en el contenido de la solicitud el concreto derecho que desea ejercitar y adjuntando copia de su DNI u otro documento identificativo equivalente, as\u00ed como el contenido m\u00ednimo previsto en la normativa aplicable. Si la solicitud no re\u00fane los requisitos especificados, Selecta podr\u00e1 requerir su subsanaci\u00f3n. No se exigir\u00e1 contraprestaci\u00f3n alguna por el ejercicio de los derechos. Asimismo, se le informa que dispone del derecho de presentar una reclamaci\u00f3n ante la Agencia Espa\u00f1ola de Protecci\u00f3n de Datos o autoridad de control correspondiente en caso de tratamiento inadecuado de sus datos personales.   <\/p>\n<p><b> <\/b><\/p>\n<p><b>6. Informaci\u00f3n adicional<br \/><\/b>6.1. \u00bfQu\u00e9 es la calidad de los datos? <br \/>El Usuario garantiza frente a Selecta, as\u00ed como frente a terceros, la calidad de la informaci\u00f3n proporcionada, es decir, que los datos e informaci\u00f3n facilitada es real, veraz, actualizada y adem\u00e1s le pertenece al Usuario y no a terceras personas. Por ello, mediante la entrega de sus datos personales a Selecta, as\u00ed como a aquellos otros que decida publicar en su cuenta, garantiza y se responsabiliza tanto frente a Selecta como frente a terceros que sus datos son ciertos y cumplen dicho principio de calidad. <\/p>\n<p>En todo caso, queda prohibido el suministro de datos falsos o desactualizados. El Usuario deber\u00e1 identificarse siempre con su nombre real y con datos veraces y actuales. Desde Selecta nos reservamos el derecho a verificar esta informaci\u00f3n en cualquier momento requiri\u00e9ndole un documento oficial acreditativo de identidad.  <\/p>\n<p>Le rogamos que comunique inmediatamente a Selecta cualquier modificaci\u00f3n de sus datos de car\u00e1cter personal para que la informaci\u00f3n que contienen los ficheros est\u00e9 siempre actualizada y no contenga errores.<\/p>\n<p>6.2. \u00bfQu\u00e9 sucede con los enlaces de terceros?<br \/>La presente Pol\u00edtica de Privacidad, se refiere \u00fanicamente al Sitio Web, y no se aplica a los enlaces o a las p\u00e1ginas web de terceros accesibles, en su caso, a trav\u00e9s del propio Sitio Web.<\/p>\n<p>Los destinos de dichos enlaces no est\u00e1n bajo el control de Selecta, y \u00e9sta no es responsable del contenido de ninguna de las p\u00e1ginas web de destino de un enlace, ni de ning\u00fan enlace incluido en una p\u00e1gina web a la que se llegue desde el Sitio Web, ni de ning\u00fan cambio o actualizaci\u00f3n de dichas p\u00e1ginas. Estos enlaces se proporcionan \u00fanicamente para informar al Usuario sobre la existencia de otras fuentes de informaci\u00f3n sobre un tema concreto, y la inclusi\u00f3n de un enlace no implica la aprobaci\u00f3n de la p\u00e1gina web enlazada por parte de Selecta. Por todo ello, le recomendamos que lea y revise cuidadosamente la pol\u00edtica de privacidad de cada sitio web que visite.  <\/p>\n<p>6.3. \u00bfQu\u00e9 medidas de seguridad implementa Selecta para garantizar la integridad de sus datos?<br \/>Selecta se preocupa por garantizar la seguridad y confidencialidad de sus datos e informaci\u00f3n personal. Por eso, hemos adoptado numerosas medidas de seguridad y medios t\u00e9cnicos para evitar su p\u00e9rdida, mal uso o el acceso a \u00e9stos sin su autorizaci\u00f3n. <\/p>\n<p>No obstante, tambi\u00e9n le corresponde al Usuario controlar su informaci\u00f3n personal y por eso le pedimos y recomendamos que sea cuidadoso con la informaci\u00f3n y contenido que comparte y con qui\u00e9n lo hace. Selecta no controlar\u00e1 el contenido e informaci\u00f3n que decida compartir con otros Usuarios y, por tanto, no nos hacemos responsables de las consecuencias de sus propias acciones. <\/p>\n<p>Desde Selecta nos comprometemos a actuar con rapidez y responsabilidad en el caso de que la seguridad de sus datos pueda estar en peligro, y a informarle de ello si fuese relevante con la mayor diligencia.<\/p>\n<p>En el supuesto caso de que se produzca una brecha de seguridad, Selecta se compromete a comunicar a la Agencia Espa\u00f1ola de Protecci\u00f3n de Datos en el plazo de 72 horas lo sucedido. Asimismo, si la brecha atentara gravemente contra los derechos y libertades de los Usuarios, Selecta proceder\u00eda a comunicarles igualmente lo sucedido indicando las medidas que ha llevado a cabo para minimizar los riegos y los posibles da\u00f1os. <\/p>\n<p>6.4. \u00bfSe van a realizar transferencias internacionales de datos?<br \/>En algunas ocasiones puede ser necesario compartir datos personales con terceros para garantizar la correcta prestaci\u00f3n de los servicios prestados por Selecta. Cuando dichos terceros est\u00e9n situados fuera del Espacio Econ\u00f3mico Europeo (EEE) Selecta garantizar\u00e1 un nivel adecuado de protecci\u00f3n de los datos transferidos e implementar\u00e1 las medidas y salvaguardas adecuadas para proteger la integridad, confidencialidad y seguridad de los datos, por ejemplo, suscribiendo las correspondientes Clausulas Contractual Tipo aprobadas por la Comisi\u00f3n Europea. <\/p>\n<p>6.5. \u00bfLa presente Pol\u00edtica de Privacidad puede ser modificada?<br \/>S\u00ed. Selecta se reserva el derecho de modificar o reemplazar unilateralmente lo establecido en la presente Pol\u00edtica de Privacidad. Si el Usuario contin\u00faa utilizando el Sitio Web una vez se hayan modificado los t\u00e9rminos de la misma, entendemos que el Usuario acepta la nueva pol\u00edtica de privacidad.  <\/p>\n<p>Le rogamos que revise peri\u00f3dicamente este documento para comprobar los posibles cambios. Si el Usuario no est\u00e1 de acuerdo con lo establecido en la nueva Pol\u00edtica de Privacidad, debe dejar de usar el Sitio Web de forma inmediata. <\/p>\n\t\t\t\t\t\t\t\t<\/div>\n\t\t\t\t<\/div>\n\t\t\t\t\t<\/div>\n\t\t\t\t<\/div>\n\t\t\t\t<\/div>\n\t\t","protected":false},"excerpt":{"rendered":"<p>Pol\u00edtica de Privacidad Al navegar por el sitio web https:\/\/www.bodegascenit.com\/ (el \u201cSitio Web\u201d) o al contactar a trav\u00e9s alguno de los formularios dispuestos a tales efectos el Usuario acepta la presente Pol\u00edtica de Privacidad. 1. \u00bfQui\u00e9n es el responsable del tratamiento de sus datos?Los datos identificativos del responsable y del responsable de privacidad son los [&hellip;]<\/p>\n","protected":false},"author":1,"featured_media":0,"parent":0,"menu_order":0,"comment_status":"closed","ping_status":"closed","template":"","meta":{"footnotes":""},"class_list":["post-4229","page","type-page","status-publish","hentry"],"yoast_head":"<!-- This site is optimized with the Yoast SEO plugin v27.4 - https:\/\/yoast.com\/product\/yoast-seo-wordpress\/ -->\n<title>Pol\u00edtica de Privacidad | Vi\u00f1as del Cenit<\/title>\n<meta name=\"robots\" content=\"index, follow, max-snippet:-1, max-image-preview:large, max-video-preview:-1\" \/>\n<link rel=\"canonical\" href=\"https:\/\/bodegascenit.com\/en\/politica-de-privacidad\/\" \/>\n<meta property=\"og:locale\" content=\"en_US\" \/>\n<meta property=\"og:type\" content=\"article\" \/>\n<meta property=\"og:title\" content=\"Pol\u00edtica de Privacidad | Vi\u00f1as del Cenit\" \/>\n<meta property=\"og:description\" content=\"Pol\u00edtica de Privacidad Al navegar por el sitio web https:\/\/www.bodegascenit.com\/ (el \u201cSitio Web\u201d) o al contactar a trav\u00e9s alguno de los formularios dispuestos a tales efectos el Usuario acepta la presente Pol\u00edtica de Privacidad. 1. \u00bfQui\u00e9n es el responsable del tratamiento de sus datos?Los datos identificativos del responsable y del responsable de privacidad son los [&hellip;]\" \/>\n<meta property=\"og:url\" content=\"https:\/\/bodegascenit.com\/en\/politica-de-privacidad\/\" \/>\n<meta property=\"og:site_name\" content=\"Vi\u00f1as del Cenit\" \/>\n<meta property=\"article:publisher\" content=\"https:\/\/www.facebook.com\/profile.php?id=100080266458466#\" \/>\n<meta property=\"article:modified_time\" content=\"2025-04-09T08:21:37+00:00\" \/>\n<meta property=\"og:image\" content=\"https:\/\/bodegascenit.com\/wp-content\/uploads\/2024\/11\/Bodegas-Vinas-del-Cenit-logo.png\" \/>\n\t<meta property=\"og:image:width\" content=\"544\" \/>\n\t<meta property=\"og:image:height\" content=\"294\" \/>\n\t<meta property=\"og:image:type\" content=\"image\/png\" \/>\n<meta name=\"twitter:card\" content=\"summary_large_image\" \/>\n<meta name=\"twitter:label1\" content=\"Est. reading time\" \/>\n\t<meta name=\"twitter:data1\" content=\"11 minutes\" \/>\n<script type=\"application\/ld+json\" class=\"yoast-schema-graph\">{\"@context\":\"https:\\\/\\\/schema.org\",\"@graph\":[{\"@type\":\"WebPage\",\"@id\":\"https:\\\/\\\/bodegascenit.com\\\/en\\\/politica-de-privacidad\\\/\",\"url\":\"https:\\\/\\\/bodegascenit.com\\\/en\\\/politica-de-privacidad\\\/\",\"name\":\"Pol\u00edtica de Privacidad | Vi\u00f1as del Cenit\",\"isPartOf\":{\"@id\":\"https:\\\/\\\/bodegascenit.com\\\/#website\"},\"datePublished\":\"2025-04-09T08:01:17+00:00\",\"dateModified\":\"2025-04-09T08:21:37+00:00\",\"breadcrumb\":{\"@id\":\"https:\\\/\\\/bodegascenit.com\\\/en\\\/politica-de-privacidad\\\/#breadcrumb\"},\"inLanguage\":\"en-US\",\"potentialAction\":[{\"@type\":\"ReadAction\",\"target\":[\"https:\\\/\\\/bodegascenit.com\\\/en\\\/politica-de-privacidad\\\/\"]}]},{\"@type\":\"BreadcrumbList\",\"@id\":\"https:\\\/\\\/bodegascenit.com\\\/en\\\/politica-de-privacidad\\\/#breadcrumb\",\"itemListElement\":[{\"@type\":\"ListItem\",\"position\":1,\"name\":\"Home\",\"item\":\"https:\\\/\\\/bodegascenit.com\\\/en\\\/home\\\/\"},{\"@type\":\"ListItem\",\"position\":2,\"name\":\"Pol\u00edtica de Privacidad\"}]},{\"@type\":\"WebSite\",\"@id\":\"https:\\\/\\\/bodegascenit.com\\\/#website\",\"url\":\"https:\\\/\\\/bodegascenit.com\\\/\",\"name\":\"Vi\u00f1as del Cenit\",\"description\":\"Viaja al origen de Tierra de Vino\",\"publisher\":{\"@id\":\"https:\\\/\\\/bodegascenit.com\\\/#organization\"},\"potentialAction\":[{\"@type\":\"SearchAction\",\"target\":{\"@type\":\"EntryPoint\",\"urlTemplate\":\"https:\\\/\\\/bodegascenit.com\\\/?s={search_term_string}\"},\"query-input\":{\"@type\":\"PropertyValueSpecification\",\"valueRequired\":true,\"valueName\":\"search_term_string\"}}],\"inLanguage\":\"en-US\"},{\"@type\":\"Organization\",\"@id\":\"https:\\\/\\\/bodegascenit.com\\\/#organization\",\"name\":\"Vi\u00f1as del Cenit\",\"url\":\"https:\\\/\\\/bodegascenit.com\\\/\",\"logo\":{\"@type\":\"ImageObject\",\"inLanguage\":\"en-US\",\"@id\":\"https:\\\/\\\/bodegascenit.com\\\/#\\\/schema\\\/logo\\\/image\\\/\",\"url\":\"https:\\\/\\\/bodegascenit.com\\\/wp-content\\\/uploads\\\/2024\\\/11\\\/Bodegas-Vinas-del-Cenit-logo.png\",\"contentUrl\":\"https:\\\/\\\/bodegascenit.com\\\/wp-content\\\/uploads\\\/2024\\\/11\\\/Bodegas-Vinas-del-Cenit-logo.png\",\"width\":544,\"height\":294,\"caption\":\"Vi\u00f1as del Cenit\"},\"image\":{\"@id\":\"https:\\\/\\\/bodegascenit.com\\\/#\\\/schema\\\/logo\\\/image\\\/\"},\"sameAs\":[\"https:\\\/\\\/www.facebook.com\\\/profile.php?id=100080266458466#\",\"https:\\\/\\\/www.instagram.com\\\/bodegasvinasdelcenit\\\/\"]}]}<\/script>\n<!-- \/ Yoast SEO plugin. -->","yoast_head_json":{"title":"Pol\u00edtica de Privacidad | Vi\u00f1as del Cenit","robots":{"index":"index","follow":"follow","max-snippet":"max-snippet:-1","max-image-preview":"max-image-preview:large","max-video-preview":"max-video-preview:-1"},"canonical":"https:\/\/bodegascenit.com\/en\/politica-de-privacidad\/","og_locale":"en_US","og_type":"article","og_title":"Pol\u00edtica de Privacidad | Vi\u00f1as del Cenit","og_description":"Pol\u00edtica de Privacidad Al navegar por el sitio web https:\/\/www.bodegascenit.com\/ (el \u201cSitio Web\u201d) o al contactar a trav\u00e9s alguno de los formularios dispuestos a tales efectos el Usuario acepta la presente Pol\u00edtica de Privacidad. 1. \u00bfQui\u00e9n es el responsable del tratamiento de sus datos?Los datos identificativos del responsable y del responsable de privacidad son los [&hellip;]","og_url":"https:\/\/bodegascenit.com\/en\/politica-de-privacidad\/","og_site_name":"Vi\u00f1as del Cenit","article_publisher":"https:\/\/www.facebook.com\/profile.php?id=100080266458466#","article_modified_time":"2025-04-09T08:21:37+00:00","og_image":[{"width":544,"height":294,"url":"https:\/\/bodegascenit.com\/wp-content\/uploads\/2024\/11\/Bodegas-Vinas-del-Cenit-logo.png","type":"image\/png"}],"twitter_card":"summary_large_image","twitter_misc":{"Est. reading time":"11 minutes"},"schema":{"@context":"https:\/\/schema.org","@graph":[{"@type":"WebPage","@id":"https:\/\/bodegascenit.com\/en\/politica-de-privacidad\/","url":"https:\/\/bodegascenit.com\/en\/politica-de-privacidad\/","name":"Pol\u00edtica de Privacidad | Vi\u00f1as del Cenit","isPartOf":{"@id":"https:\/\/bodegascenit.com\/#website"},"datePublished":"2025-04-09T08:01:17+00:00","dateModified":"2025-04-09T08:21:37+00:00","breadcrumb":{"@id":"https:\/\/bodegascenit.com\/en\/politica-de-privacidad\/#breadcrumb"},"inLanguage":"en-US","potentialAction":[{"@type":"ReadAction","target":["https:\/\/bodegascenit.com\/en\/politica-de-privacidad\/"]}]},{"@type":"BreadcrumbList","@id":"https:\/\/bodegascenit.com\/en\/politica-de-privacidad\/#breadcrumb","itemListElement":[{"@type":"ListItem","position":1,"name":"Home","item":"https:\/\/bodegascenit.com\/en\/home\/"},{"@type":"ListItem","position":2,"name":"Pol\u00edtica de Privacidad"}]},{"@type":"WebSite","@id":"https:\/\/bodegascenit.com\/#website","url":"https:\/\/bodegascenit.com\/","name":"Vi\u00f1as del Cenit","description":"Viaja al origen de Tierra de Vino","publisher":{"@id":"https:\/\/bodegascenit.com\/#organization"},"potentialAction":[{"@type":"SearchAction","target":{"@type":"EntryPoint","urlTemplate":"https:\/\/bodegascenit.com\/?s={search_term_string}"},"query-input":{"@type":"PropertyValueSpecification","valueRequired":true,"valueName":"search_term_string"}}],"inLanguage":"en-US"},{"@type":"Organization","@id":"https:\/\/bodegascenit.com\/#organization","name":"Vi\u00f1as del Cenit","url":"https:\/\/bodegascenit.com\/","logo":{"@type":"ImageObject","inLanguage":"en-US","@id":"https:\/\/bodegascenit.com\/#\/schema\/logo\/image\/","url":"https:\/\/bodegascenit.com\/wp-content\/uploads\/2024\/11\/Bodegas-Vinas-del-Cenit-logo.png","contentUrl":"https:\/\/bodegascenit.com\/wp-content\/uploads\/2024\/11\/Bodegas-Vinas-del-Cenit-logo.png","width":544,"height":294,"caption":"Vi\u00f1as del Cenit"},"image":{"@id":"https:\/\/bodegascenit.com\/#\/schema\/logo\/image\/"},"sameAs":["https:\/\/www.facebook.com\/profile.php?id=100080266458466#","https:\/\/www.instagram.com\/bodegasvinasdelcenit\/"]}]}},"_links":{"self":[{"href":"https:\/\/bodegascenit.com\/en\/wp-json\/wp\/v2\/pages\/4229","targetHints":{"allow":["GET"]}}],"collection":[{"href":"https:\/\/bodegascenit.com\/en\/wp-json\/wp\/v2\/pages"}],"about":[{"href":"https:\/\/bodegascenit.com\/en\/wp-json\/wp\/v2\/types\/page"}],"author":[{"embeddable":true,"href":"https:\/\/bodegascenit.com\/en\/wp-json\/wp\/v2\/users\/1"}],"replies":[{"embeddable":true,"href":"https:\/\/bodegascenit.com\/en\/wp-json\/wp\/v2\/comments?post=4229"}],"version-history":[{"count":2,"href":"https:\/\/bodegascenit.com\/en\/wp-json\/wp\/v2\/pages\/4229\/revisions"}],"predecessor-version":[{"id":4232,"href":"https:\/\/bodegascenit.com\/en\/wp-json\/wp\/v2\/pages\/4229\/revisions\/4232"}],"wp:attachment":[{"href":"https:\/\/bodegascenit.com\/en\/wp-json\/wp\/v2\/media?parent=4229"}],"curies":[{"name":"wp","href":"https:\/\/api.w.org\/{rel}","templated":true}]}}