{"id":3950,"date":"2024-11-20T12:26:00","date_gmt":"2024-11-20T11:26:00","guid":{"rendered":"https:\/\/bodegascenit.com\/vineyard\/"},"modified":"2025-04-09T19:39:46","modified_gmt":"2025-04-09T17:39:46","slug":"vineyard","status":"publish","type":"page","link":"https:\/\/bodegascenit.com\/en\/vineyard\/","title":{"rendered":"Vineyard"},"content":{"rendered":"\t\t<div data-elementor-type=\"wp-post\" data-elementor-id=\"3950\" class=\"elementor elementor-3950 elementor-13\" data-elementor-post-type=\"page\">\n\t\t\t\t<div class=\"elementor-element elementor-element-55fadf8 e-flex e-con-boxed e-con e-parent\" data-id=\"55fadf8\" data-element_type=\"container\" data-e-type=\"container\" data-settings=\"{&quot;background_background&quot;:&quot;video&quot;,&quot;background_video_link&quot;:&quot;\\\/wp-content\\\/uploads\\\/2025\\\/04\\\/video-vinedo.mp4&quot;,&quot;background_play_on_mobile&quot;:&quot;yes&quot;}\">\n\t\t\t\t\t<div class=\"e-con-inner\">\n\t\t<div class=\"elementor-background-video-container\">\n\t\t\t\t\t\t\t<video class=\"elementor-background-video-hosted\" role=\"presentation\" autoplay muted playsinline loop><\/video>\n\t\t\t\t\t<\/div>\t\t\t<\/div>\n\t\t\t\t<\/div>\n\t\t<div class=\"elementor-element elementor-element-3c6f576 e-flex e-con-boxed e-con e-parent\" data-id=\"3c6f576\" data-element_type=\"container\" data-e-type=\"container\" data-settings=\"{&quot;background_background&quot;:&quot;classic&quot;}\">\n\t\t\t\t\t<div class=\"e-con-inner\">\n\t\t<div class=\"elementor-element elementor-element-75cf1d9 e-con-full e-flex e-con e-child\" data-id=\"75cf1d9\" data-element_type=\"container\" data-e-type=\"container\" data-settings=\"{&quot;background_background&quot;:&quot;classic&quot;}\">\n\t\t<div class=\"elementor-element elementor-element-6849533 e-con-full e-flex e-con e-child\" data-id=\"6849533\" data-element_type=\"container\" data-e-type=\"container\" data-settings=\"{&quot;background_background&quot;:&quot;classic&quot;}\">\n\t\t\t\t<div class=\"elementor-element elementor-element-ab43920 elementor-widget elementor-widget-heading\" data-id=\"ab43920\" data-element_type=\"widget\" data-e-type=\"widget\" data-widget_type=\"heading.default\">\n\t\t\t\t<div class=\"elementor-widget-container\">\n\t\t\t\t\t<h1 class=\"elementor-heading-title elementor-size-default\">Some of Spain\u00b4s<br>most outstanding vineyards<\/h1>\t\t\t\t<\/div>\n\t\t\t\t<\/div>\n\t\t<div class=\"elementor-element elementor-element-0784ecc e-flex e-con-boxed e-con e-child\" data-id=\"0784ecc\" data-element_type=\"container\" data-e-type=\"container\">\n\t\t\t\t\t<div class=\"e-con-inner\">\n\t\t\t\t<div class=\"elementor-element elementor-element-ae79bd4 elementor-widget elementor-widget-text-editor\" data-id=\"ae79bd4\" data-element_type=\"widget\" data-e-type=\"widget\" data-widget_type=\"text-editor.default\">\n\t\t\t\t<div class=\"elementor-widget-container\">\n\t\t\t\t\t\t\t\t\t<p>Located in <b>Villanueva del Campe\u00e1n<\/b>, in the province of Zamora, part of the <b>ancient winemaking region<\/b> of Tierra del Vino, Vi\u00f1as del C\u00e9nit cultivates <b>20 hectares of century-old vineyards<\/b>.<\/p>\n\t\t\t\t\t\t\t\t<\/div>\n\t\t\t\t<\/div>\n\t\t\t\t\t<\/div>\n\t\t\t\t<\/div>\n\t\t\t\t<\/div>\n\t\t\t\t<\/div>\n\t\t<div class=\"elementor-element elementor-element-04ebbcf e-con-full e-flex e-con e-child\" data-id=\"04ebbcf\" data-element_type=\"container\" data-e-type=\"container\" data-settings=\"{&quot;background_background&quot;:&quot;classic&quot;}\">\n\t\t<div class=\"elementor-element elementor-element-45944bc e-con-full e-flex e-con e-child\" data-id=\"45944bc\" data-element_type=\"container\" data-e-type=\"container\" data-settings=\"{&quot;background_background&quot;:&quot;classic&quot;}\">\n\t\t\t\t<\/div>\n\t\t<div class=\"elementor-element elementor-element-7038a8f e-con-full e-flex e-con e-child\" data-id=\"7038a8f\" data-element_type=\"container\" data-e-type=\"container\">\n\t\t\t\t<div class=\"elementor-element elementor-element-b5175e1 elementor-widget elementor-widget-heading\" data-id=\"b5175e1\" data-element_type=\"widget\" data-e-type=\"widget\" data-widget_type=\"heading.default\">\n\t\t\t\t<div class=\"elementor-widget-container\">\n\t\t\t\t\t<h2 class=\"elementor-heading-title elementor-size-default\">Unique soils,<br>exceptional vineyards<\/h2>\t\t\t\t<\/div>\n\t\t\t\t<\/div>\n\t\t\t\t<div class=\"elementor-element elementor-element-8889b8c elementor-widget elementor-widget-text-editor\" data-id=\"8889b8c\" data-element_type=\"widget\" data-e-type=\"widget\" data-widget_type=\"text-editor.default\">\n\t\t\t\t<div class=\"elementor-widget-container\">\n\t\t\t\t\t\t\t\t\t<p>The rich diversity of soils in Tierra del Vino is the result of the ancient riverbeds, which leave behind fine sand deposits and areas of smoothly rounded pebbles. These <b>deep, nutrient-poor soils<\/b> are suitable for organic viticulture, allowing each vineyard to express its full potential and adding <b>complexity and character<\/b> to every wine produced in the region.<\/p>\n\t\t\t\t\t\t\t\t<\/div>\n\t\t\t\t<\/div>\n\t\t\t\t<\/div>\n\t\t\t\t<\/div>\n\t\t<div class=\"elementor-element elementor-element-b00ecf2 e-con-full e-flex e-con e-child\" data-id=\"b00ecf2\" data-element_type=\"container\" data-e-type=\"container\" data-settings=\"{&quot;background_background&quot;:&quot;classic&quot;}\">\n\t\t<div class=\"elementor-element elementor-element-d90af1a e-con-full e-flex e-con e-child\" data-id=\"d90af1a\" data-element_type=\"container\" data-e-type=\"container\">\n\t\t\t\t<div class=\"elementor-element elementor-element-d5f0c76 elementor-widget elementor-widget-heading\" data-id=\"d5f0c76\" data-element_type=\"widget\" data-e-type=\"widget\" data-widget_type=\"heading.default\">\n\t\t\t\t<div class=\"elementor-widget-container\">\n\t\t\t\t\t<h2 class=\"elementor-heading-title elementor-size-default\">Slow ripening, <br>wines with depth<\/h2>\t\t\t\t<\/div>\n\t\t\t\t<\/div>\n\t\t\t\t<div class=\"elementor-element elementor-element-2221345 elementor-widget elementor-widget-text-editor\" data-id=\"2221345\" data-element_type=\"widget\" data-e-type=\"widget\" data-widget_type=\"text-editor.default\">\n\t\t\t\t<div class=\"elementor-widget-container\">\n\t\t\t\t\t\t\t\t\t<p>Situated in western Spain, Tierra del Vino reaches <b>altitudes of up to 750 metres<\/b>, which means that <b>temperatures are cooler<\/b> than in neighbouring areas and the grape ripening period is longer. This <strong>slow evolution<\/strong>, combined with a constant breeze, produces exceptionally healthy grapes and wines with an outstanding potential and distinctive personality.<\/p>\n\t\t\t\t\t\t\t\t<\/div>\n\t\t\t\t<\/div>\n\t\t\t\t<\/div>\n\t\t<div class=\"elementor-element elementor-element-bd086f4 e-con-full e-flex e-con e-child\" data-id=\"bd086f4\" data-element_type=\"container\" data-e-type=\"container\" data-settings=\"{&quot;background_background&quot;:&quot;classic&quot;}\">\n\t\t\t\t<\/div>\n\t\t\t\t<\/div>\n\t\t<div class=\"elementor-element elementor-element-ad648d8 e-con-full e-flex e-con e-child\" data-id=\"ad648d8\" data-element_type=\"container\" data-e-type=\"container\" data-settings=\"{&quot;background_background&quot;:&quot;classic&quot;}\">\n\t\t<div class=\"elementor-element elementor-element-368c6dd e-con-full e-flex e-con e-child\" data-id=\"368c6dd\" data-element_type=\"container\" data-e-type=\"container\" data-settings=\"{&quot;background_background&quot;:&quot;classic&quot;}\">\n\t\t\t\t<\/div>\n\t\t<div class=\"elementor-element elementor-element-9403cdf e-con-full e-flex e-con e-child\" data-id=\"9403cdf\" data-element_type=\"container\" data-e-type=\"container\">\n\t\t\t\t<div class=\"elementor-element elementor-element-b082271 elementor-widget elementor-widget-heading\" data-id=\"b082271\" data-element_type=\"widget\" data-e-type=\"widget\" data-widget_type=\"heading.default\">\n\t\t\t\t<div class=\"elementor-widget-container\">\n\t\t\t\t\t<h2 class=\"elementor-heading-title elementor-size-default\">Old vines, <br>a unique undertaking<\/h2>\t\t\t\t<\/div>\n\t\t\t\t<\/div>\n\t\t\t\t<div class=\"elementor-element elementor-element-6c820c9 elementor-widget elementor-widget-text-editor\" data-id=\"6c820c9\" data-element_type=\"widget\" data-e-type=\"widget\" data-widget_type=\"text-editor.default\">\n\t\t\t\t<div class=\"elementor-widget-container\">\n\t\t\t\t\t\t\t\t\t<p>At the heart of Vi\u00f1as del C\u00e9nit lie <strong>20 hectares of old vines<\/strong> \u2014 true survivors of Spain\u2019s rural depopulation that have withstood the test of time for generations. This unique heritage not only preserves history but also boasts an extraordinary <strong>diversity of grape varieties<\/strong>. Vi\u00f1as del C\u00e9nit works to conserve and pass on this legacy of immense value through its wines.<\/p>\n\t\t\t\t\t\t\t\t<\/div>\n\t\t\t\t<\/div>\n\t\t\t\t<\/div>\n\t\t\t\t<\/div>\n\t\t\t\t\t<\/div>\n\t\t\t\t<\/div>\n\t\t\t\t<\/div>\n\t\t","protected":false},"excerpt":{"rendered":"<p>Some of Spain\u00b4smost outstanding vineyards Located in Villanueva del Campe\u00e1n, in the province of Zamora, part of the ancient winemaking region of Tierra del Vino, Vi\u00f1as del C\u00e9nit cultivates 20 hectares of century-old vineyards. Unique soils,exceptional vineyards The rich diversity of soils in Tierra del Vino is the result of the ancient riverbeds, which leave [&hellip;]<\/p>\n","protected":false},"author":1,"featured_media":0,"parent":0,"menu_order":0,"comment_status":"closed","ping_status":"closed","template":"elementor_header_footer","meta":{"footnotes":""},"class_list":["post-3950","page","type-page","status-publish","hentry"],"yoast_head":"<!-- This site is optimized with the Yoast SEO plugin v27.5 - https:\/\/yoast.com\/product\/yoast-seo-wordpress\/ -->\n<title>Vineyard | Vi\u00f1as del Cenit<\/title>\n<meta name=\"robots\" content=\"index, follow, max-snippet:-1, max-image-preview:large, max-video-preview:-1\" \/>\n<link rel=\"canonical\" href=\"https:\/\/bodegascenit.com\/en\/vineyard\/\" \/>\n<meta property=\"og:locale\" content=\"en_US\" \/>\n<meta property=\"og:type\" content=\"article\" \/>\n<meta property=\"og:title\" content=\"Vineyard | Vi\u00f1as del Cenit\" \/>\n<meta property=\"og:description\" content=\"Some of Spain\u00b4smost outstanding vineyards Located in Villanueva del Campe\u00e1n, in the province of Zamora, part of the ancient winemaking region of Tierra del Vino, Vi\u00f1as del C\u00e9nit cultivates 20 hectares of century-old vineyards. Unique soils,exceptional vineyards The rich diversity of soils in Tierra del Vino is the result of the ancient riverbeds, which leave [&hellip;]\" \/>\n<meta property=\"og:url\" content=\"https:\/\/bodegascenit.com\/en\/vineyard\/\" \/>\n<meta property=\"og:site_name\" content=\"Vi\u00f1as del Cenit\" \/>\n<meta property=\"article:publisher\" content=\"https:\/\/www.facebook.com\/profile.php?id=100080266458466#\" \/>\n<meta property=\"article:modified_time\" content=\"2025-04-09T17:39:46+00:00\" \/>\n<meta property=\"og:image\" content=\"https:\/\/bodegascenit.com\/wp-content\/uploads\/2024\/11\/Bodegas-Vinas-del-Cenit-logo.png\" \/>\n\t<meta property=\"og:image:width\" content=\"544\" \/>\n\t<meta property=\"og:image:height\" content=\"294\" \/>\n\t<meta property=\"og:image:type\" content=\"image\/png\" \/>\n<meta name=\"twitter:card\" content=\"summary_large_image\" \/>\n<meta name=\"twitter:label1\" content=\"Est. reading time\" \/>\n\t<meta name=\"twitter:data1\" content=\"1 minute\" \/>\n<script type=\"application\/ld+json\" class=\"yoast-schema-graph\">{\"@context\":\"https:\\\/\\\/schema.org\",\"@graph\":[{\"@type\":\"WebPage\",\"@id\":\"https:\\\/\\\/bodegascenit.com\\\/en\\\/vineyard\\\/\",\"url\":\"https:\\\/\\\/bodegascenit.com\\\/en\\\/vineyard\\\/\",\"name\":\"Vineyard | Vi\u00f1as del Cenit\",\"isPartOf\":{\"@id\":\"https:\\\/\\\/bodegascenit.com\\\/#website\"},\"datePublished\":\"2024-11-20T11:26:00+00:00\",\"dateModified\":\"2025-04-09T17:39:46+00:00\",\"breadcrumb\":{\"@id\":\"https:\\\/\\\/bodegascenit.com\\\/en\\\/vineyard\\\/#breadcrumb\"},\"inLanguage\":\"en-US\",\"potentialAction\":[{\"@type\":\"ReadAction\",\"target\":[\"https:\\\/\\\/bodegascenit.com\\\/en\\\/vineyard\\\/\"]}]},{\"@type\":\"BreadcrumbList\",\"@id\":\"https:\\\/\\\/bodegascenit.com\\\/en\\\/vineyard\\\/#breadcrumb\",\"itemListElement\":[{\"@type\":\"ListItem\",\"position\":1,\"name\":\"Home\",\"item\":\"https:\\\/\\\/bodegascenit.com\\\/en\\\/home\\\/\"},{\"@type\":\"ListItem\",\"position\":2,\"name\":\"Vineyard\"}]},{\"@type\":\"WebSite\",\"@id\":\"https:\\\/\\\/bodegascenit.com\\\/#website\",\"url\":\"https:\\\/\\\/bodegascenit.com\\\/\",\"name\":\"Vi\u00f1as del Cenit\",\"description\":\"Viaja al origen de Tierra de Vino\",\"publisher\":{\"@id\":\"https:\\\/\\\/bodegascenit.com\\\/#organization\"},\"potentialAction\":[{\"@type\":\"SearchAction\",\"target\":{\"@type\":\"EntryPoint\",\"urlTemplate\":\"https:\\\/\\\/bodegascenit.com\\\/?s={search_term_string}\"},\"query-input\":{\"@type\":\"PropertyValueSpecification\",\"valueRequired\":true,\"valueName\":\"search_term_string\"}}],\"inLanguage\":\"en-US\"},{\"@type\":\"Organization\",\"@id\":\"https:\\\/\\\/bodegascenit.com\\\/#organization\",\"name\":\"Vi\u00f1as del Cenit\",\"url\":\"https:\\\/\\\/bodegascenit.com\\\/\",\"logo\":{\"@type\":\"ImageObject\",\"inLanguage\":\"en-US\",\"@id\":\"https:\\\/\\\/bodegascenit.com\\\/#\\\/schema\\\/logo\\\/image\\\/\",\"url\":\"https:\\\/\\\/bodegascenit.com\\\/wp-content\\\/uploads\\\/2024\\\/11\\\/Bodegas-Vinas-del-Cenit-logo.png\",\"contentUrl\":\"https:\\\/\\\/bodegascenit.com\\\/wp-content\\\/uploads\\\/2024\\\/11\\\/Bodegas-Vinas-del-Cenit-logo.png\",\"width\":544,\"height\":294,\"caption\":\"Vi\u00f1as del Cenit\"},\"image\":{\"@id\":\"https:\\\/\\\/bodegascenit.com\\\/#\\\/schema\\\/logo\\\/image\\\/\"},\"sameAs\":[\"https:\\\/\\\/www.facebook.com\\\/profile.php?id=100080266458466#\",\"https:\\\/\\\/www.instagram.com\\\/bodegasvinasdelcenit\\\/\"]}]}<\/script>\n<!-- \/ Yoast SEO plugin. -->","yoast_head_json":{"title":"Vineyard | Vi\u00f1as del Cenit","robots":{"index":"index","follow":"follow","max-snippet":"max-snippet:-1","max-image-preview":"max-image-preview:large","max-video-preview":"max-video-preview:-1"},"canonical":"https:\/\/bodegascenit.com\/en\/vineyard\/","og_locale":"en_US","og_type":"article","og_title":"Vineyard | Vi\u00f1as del Cenit","og_description":"Some of Spain\u00b4smost outstanding vineyards Located in Villanueva del Campe\u00e1n, in the province of Zamora, part of the ancient winemaking region of Tierra del Vino, Vi\u00f1as del C\u00e9nit cultivates 20 hectares of century-old vineyards. Unique soils,exceptional vineyards The rich diversity of soils in Tierra del Vino is the result of the ancient riverbeds, which leave [&hellip;]","og_url":"https:\/\/bodegascenit.com\/en\/vineyard\/","og_site_name":"Vi\u00f1as del Cenit","article_publisher":"https:\/\/www.facebook.com\/profile.php?id=100080266458466#","article_modified_time":"2025-04-09T17:39:46+00:00","og_image":[{"width":544,"height":294,"url":"https:\/\/bodegascenit.com\/wp-content\/uploads\/2024\/11\/Bodegas-Vinas-del-Cenit-logo.png","type":"image\/png"}],"twitter_card":"summary_large_image","twitter_misc":{"Est. reading time":"1 minute"},"schema":{"@context":"https:\/\/schema.org","@graph":[{"@type":"WebPage","@id":"https:\/\/bodegascenit.com\/en\/vineyard\/","url":"https:\/\/bodegascenit.com\/en\/vineyard\/","name":"Vineyard | Vi\u00f1as del Cenit","isPartOf":{"@id":"https:\/\/bodegascenit.com\/#website"},"datePublished":"2024-11-20T11:26:00+00:00","dateModified":"2025-04-09T17:39:46+00:00","breadcrumb":{"@id":"https:\/\/bodegascenit.com\/en\/vineyard\/#breadcrumb"},"inLanguage":"en-US","potentialAction":[{"@type":"ReadAction","target":["https:\/\/bodegascenit.com\/en\/vineyard\/"]}]},{"@type":"BreadcrumbList","@id":"https:\/\/bodegascenit.com\/en\/vineyard\/#breadcrumb","itemListElement":[{"@type":"ListItem","position":1,"name":"Home","item":"https:\/\/bodegascenit.com\/en\/home\/"},{"@type":"ListItem","position":2,"name":"Vineyard"}]},{"@type":"WebSite","@id":"https:\/\/bodegascenit.com\/#website","url":"https:\/\/bodegascenit.com\/","name":"Vi\u00f1as del Cenit","description":"Viaja al origen de Tierra de Vino","publisher":{"@id":"https:\/\/bodegascenit.com\/#organization"},"potentialAction":[{"@type":"SearchAction","target":{"@type":"EntryPoint","urlTemplate":"https:\/\/bodegascenit.com\/?s={search_term_string}"},"query-input":{"@type":"PropertyValueSpecification","valueRequired":true,"valueName":"search_term_string"}}],"inLanguage":"en-US"},{"@type":"Organization","@id":"https:\/\/bodegascenit.com\/#organization","name":"Vi\u00f1as del Cenit","url":"https:\/\/bodegascenit.com\/","logo":{"@type":"ImageObject","inLanguage":"en-US","@id":"https:\/\/bodegascenit.com\/#\/schema\/logo\/image\/","url":"https:\/\/bodegascenit.com\/wp-content\/uploads\/2024\/11\/Bodegas-Vinas-del-Cenit-logo.png","contentUrl":"https:\/\/bodegascenit.com\/wp-content\/uploads\/2024\/11\/Bodegas-Vinas-del-Cenit-logo.png","width":544,"height":294,"caption":"Vi\u00f1as del Cenit"},"image":{"@id":"https:\/\/bodegascenit.com\/#\/schema\/logo\/image\/"},"sameAs":["https:\/\/www.facebook.com\/profile.php?id=100080266458466#","https:\/\/www.instagram.com\/bodegasvinasdelcenit\/"]}]}},"_links":{"self":[{"href":"https:\/\/bodegascenit.com\/en\/wp-json\/wp\/v2\/pages\/3950","targetHints":{"allow":["GET"]}}],"collection":[{"href":"https:\/\/bodegascenit.com\/en\/wp-json\/wp\/v2\/pages"}],"about":[{"href":"https:\/\/bodegascenit.com\/en\/wp-json\/wp\/v2\/types\/page"}],"author":[{"embeddable":true,"href":"https:\/\/bodegascenit.com\/en\/wp-json\/wp\/v2\/users\/1"}],"replies":[{"embeddable":true,"href":"https:\/\/bodegascenit.com\/en\/wp-json\/wp\/v2\/comments?post=3950"}],"version-history":[{"count":5,"href":"https:\/\/bodegascenit.com\/en\/wp-json\/wp\/v2\/pages\/3950\/revisions"}],"predecessor-version":[{"id":4506,"href":"https:\/\/bodegascenit.com\/en\/wp-json\/wp\/v2\/pages\/3950\/revisions\/4506"}],"wp:attachment":[{"href":"https:\/\/bodegascenit.com\/en\/wp-json\/wp\/v2\/media?parent=3950"}],"curies":[{"name":"wp","href":"https:\/\/api.w.org\/{rel}","templated":true}]}}