{"id":3948,"date":"2024-11-20T15:16:15","date_gmt":"2024-11-20T14:16:15","guid":{"rendered":"https:\/\/bodegascenit.com\/winemaker\/"},"modified":"2025-05-06T18:38:15","modified_gmt":"2025-05-06T16:38:15","slug":"winemaker","status":"publish","type":"page","link":"https:\/\/bodegascenit.com\/en\/winemaker\/","title":{"rendered":"Winemaker"},"content":{"rendered":"\t\t<div data-elementor-type=\"wp-page\" data-elementor-id=\"3948\" class=\"elementor elementor-3948 elementor-32\" data-elementor-post-type=\"page\">\n\t\t\t\t<div class=\"elementor-element elementor-element-b5823e8 e-con-full e-flex e-con e-parent\" data-id=\"b5823e8\" data-element_type=\"container\" data-e-type=\"container\">\n\t\t\t\t<div class=\"elementor-element elementor-element-0e4d3eb elementor-widget elementor-widget-video\" data-id=\"0e4d3eb\" data-element_type=\"widget\" data-e-type=\"widget\" data-settings=\"{&quot;video_type&quot;:&quot;hosted&quot;,&quot;autoplay&quot;:&quot;yes&quot;,&quot;play_on_mobile&quot;:&quot;yes&quot;,&quot;loop&quot;:&quot;yes&quot;}\" data-widget_type=\"video.default\">\n\t\t\t\t<div class=\"elementor-widget-container\">\n\t\t\t\t\t\t\t<div class=\"e-hosted-video elementor-wrapper elementor-open-inline\">\n\t\t\t\t\t<video class=\"elementor-video\" src=\"https:\/\/bodegascenit.com\/wp-content\/uploads\/2025\/04\/Vinas-del-Cenit-enologo-1.mp4\" autoplay=\"\" loop=\"\" playsinline=\"\" controlsList=\"nodownload\" poster=\"https:\/\/bodegascenit.com\/wp-content\/uploads\/2025\/05\/Jose_Manuel_Beneitez_Enologo_Mobile.jpeg\"><\/video>\n\t\t\t\t<\/div>\n\t\t\t\t\t\t<\/div>\n\t\t\t\t<\/div>\n\t\t\t\t<\/div>\n\t\t<div class=\"elementor-element elementor-element-c0a776b e-flex e-con-boxed e-con e-parent\" data-id=\"c0a776b\" data-element_type=\"container\" data-e-type=\"container\" data-settings=\"{&quot;background_background&quot;:&quot;classic&quot;}\">\n\t\t\t\t\t<div class=\"e-con-inner\">\n\t\t<div class=\"elementor-element elementor-element-f93bf9a e-flex e-con-boxed e-con e-child\" data-id=\"f93bf9a\" data-element_type=\"container\" data-e-type=\"container\" data-settings=\"{&quot;background_background&quot;:&quot;classic&quot;}\">\n\t\t\t\t\t<div class=\"e-con-inner\">\n\t\t<div class=\"elementor-element elementor-element-d34429d e-con-full e-flex e-con e-child\" data-id=\"d34429d\" data-element_type=\"container\" data-e-type=\"container\" data-settings=\"{&quot;background_background&quot;:&quot;classic&quot;}\">\n\t\t\t\t<div class=\"elementor-element elementor-element-516e6f2 elementor-widget elementor-widget-heading\" data-id=\"516e6f2\" data-element_type=\"widget\" data-e-type=\"widget\" data-widget_type=\"heading.default\">\n\t\t\t\t<div class=\"elementor-widget-container\">\n\t\t\t\t\t<h4 class=\"elementor-heading-title elementor-size-default\">OUR OENOLOGIST<\/h4>\t\t\t\t<\/div>\n\t\t\t\t<\/div>\n\t\t\t\t<div class=\"elementor-element elementor-element-fd1f5f4 elementor-widget-divider--view-line elementor-widget elementor-widget-divider\" data-id=\"fd1f5f4\" data-element_type=\"widget\" data-e-type=\"widget\" data-widget_type=\"divider.default\">\n\t\t\t\t<div class=\"elementor-widget-container\">\n\t\t\t\t\t\t\t<div class=\"elementor-divider\">\n\t\t\t<span class=\"elementor-divider-separator\">\n\t\t\t\t\t\t<\/span>\n\t\t<\/div>\n\t\t\t\t\t\t<\/div>\n\t\t\t\t<\/div>\n\t\t\t\t<div class=\"elementor-element elementor-element-8c95e94 elementor-widget elementor-widget-heading\" data-id=\"8c95e94\" data-element_type=\"widget\" data-e-type=\"widget\" data-widget_type=\"heading.default\">\n\t\t\t\t<div class=\"elementor-widget-container\">\n\t\t\t\t\t<h1 class=\"elementor-heading-title elementor-size-default\">Jos\u00e9 Manuel Ben\u00e9itez<\/h1>\t\t\t\t<\/div>\n\t\t\t\t<\/div>\n\t\t<div class=\"elementor-element elementor-element-15f8909 e-flex e-con-boxed e-con e-child\" data-id=\"15f8909\" data-element_type=\"container\" data-e-type=\"container\">\n\t\t\t\t\t<div class=\"e-con-inner\">\n\t\t\t\t<div class=\"elementor-element elementor-element-9467ee1 elementor-widget elementor-widget-text-editor\" data-id=\"9467ee1\" data-element_type=\"widget\" data-e-type=\"widget\" data-widget_type=\"text-editor.default\">\n\t\t\t\t<div class=\"elementor-widget-container\">\n\t\t\t\t\t\t\t\t\t<p>Jos\u00e9 Manuel joined Vi\u00f1as del C\u00e9nit in 2019 after years of experience, working both in the Zamora region and in Arribes del Duero, where he also runs his own project. He is <strong>committed to crafting honest wines<\/strong> that serve as a true reflection of the land where they are produced.<\/p>\n\t\t\t\t\t\t\t\t<\/div>\n\t\t\t\t<\/div>\n\t\t\t\t<div class=\"elementor-element elementor-element-a85a570 elementor-widget elementor-widget-text-editor\" data-id=\"a85a570\" data-element_type=\"widget\" data-e-type=\"widget\" data-widget_type=\"text-editor.default\">\n\t\t\t\t<div class=\"elementor-widget-container\">\n\t\t\t\t\t\t\t\t\t<p>With both personal and professional ties to Tierra del Vino de Zamora, Jos\u00e9 Manuel embraces the <strong>challenge of consolidating the tradition<\/strong> that has been meticulously forged over many years at Vi\u00f1as del C\u00e9nit and that <strong>we intend to continue through our wines<\/strong>.<\/p>\n\t\t\t\t\t\t\t\t<\/div>\n\t\t\t\t<\/div>\n\t\t\t\t\t<\/div>\n\t\t\t\t<\/div>\n\t\t\t\t<\/div>\n\t\t\t\t\t<\/div>\n\t\t\t\t<\/div>\n\t\t\t\t\t<\/div>\n\t\t\t\t<\/div>\n\t\t<div class=\"elementor-element elementor-element-63448c4 e-flex e-con-boxed e-con e-parent\" data-id=\"63448c4\" data-element_type=\"container\" data-e-type=\"container\" data-settings=\"{&quot;background_background&quot;:&quot;classic&quot;}\">\n\t\t\t\t\t<div class=\"e-con-inner\">\n\t\t<div class=\"elementor-element elementor-element-ef6cdcf e-flex e-con-boxed e-con e-child\" data-id=\"ef6cdcf\" data-element_type=\"container\" data-e-type=\"container\" data-settings=\"{&quot;background_background&quot;:&quot;classic&quot;}\">\n\t\t\t\t\t<div class=\"e-con-inner\">\n\t\t<div class=\"elementor-element elementor-element-adf44eb e-con-full e-flex e-con e-child\" data-id=\"adf44eb\" data-element_type=\"container\" data-e-type=\"container\">\n\t\t\t\t<\/div>\n\t\t<div class=\"elementor-element elementor-element-df6e71a e-con-full elementor-hidden-mobile e-flex e-con e-child\" data-id=\"df6e71a\" data-element_type=\"container\" data-e-type=\"container\">\n\t\t\t\t<div class=\"elementor-element elementor-element-a6050c0 elementor-widget elementor-widget-heading\" data-id=\"a6050c0\" data-element_type=\"widget\" data-e-type=\"widget\" data-widget_type=\"heading.default\">\n\t\t\t\t<div class=\"elementor-widget-container\">\n\t\t\t\t\t<h3 class=\"elementor-heading-title elementor-size-default\">We assume<br>the responsibility <br>not only of expressing<br>the essence of a terroir<br>but also the culture <br>and tradition of a land<br>with a rich and storied past.<\/h3>\t\t\t\t<\/div>\n\t\t\t\t<\/div>\n\t\t\t\t<\/div>\n\t\t\t\t\t<\/div>\n\t\t\t\t<\/div>\n\t\t\t\t\t<\/div>\n\t\t\t\t<\/div>\n\t\t<div class=\"elementor-element elementor-element-e7d84f9 elementor-hidden-desktop elementor-hidden-tablet e-flex e-con-boxed e-con e-parent\" data-id=\"e7d84f9\" data-element_type=\"container\" data-e-type=\"container\">\n\t\t\t\t\t<div class=\"e-con-inner\">\n\t\t\t\t<div class=\"elementor-element elementor-element-c36a64d elementor-widget elementor-widget-heading\" data-id=\"c36a64d\" data-element_type=\"widget\" data-e-type=\"widget\" data-widget_type=\"heading.default\">\n\t\t\t\t<div class=\"elementor-widget-container\">\n\t\t\t\t\t<h3 class=\"elementor-heading-title elementor-size-default\">We assume<br>the responsibility <br>not only of expressing<br>the essence of a terroir<br>but also the culture and tradition<br>of a land<br>with a rich and storied past.<\/h3>\t\t\t\t<\/div>\n\t\t\t\t<\/div>\n\t\t\t\t\t<\/div>\n\t\t\t\t<\/div>\n\t\t<div class=\"elementor-element elementor-element-2e3a1b4 e-flex e-con-boxed e-con e-parent\" data-id=\"2e3a1b4\" data-element_type=\"container\" data-e-type=\"container\">\n\t\t\t\t\t<div class=\"e-con-inner\">\n\t\t\t\t<div class=\"elementor-element elementor-element-26af035 elementor-widget elementor-widget-google_maps\" data-id=\"26af035\" data-element_type=\"widget\" data-e-type=\"widget\" data-widget_type=\"google_maps.default\">\n\t\t\t\t<div class=\"elementor-widget-container\">\n\t\t\t\t\t\t\t<div class=\"elementor-custom-embed\">\n\t\t\t<iframe loading=\"lazy\"\n\t\t\t\t\tsrc=\"https:\/\/maps.google.com\/maps?q=London%20Eye%2C%20London%2C%20United%20Kingdom&#038;t=m&#038;z=10&#038;output=embed&#038;iwloc=near\"\n\t\t\t\t\ttitle=\"London Eye, London, United Kingdom\"\n\t\t\t\t\taria-label=\"London Eye, London, United Kingdom\"\n\t\t\t><\/iframe>\n\t\t<\/div>\n\t\t\t\t\t\t<\/div>\n\t\t\t\t<\/div>\n\t\t\t\t\t<\/div>\n\t\t\t\t<\/div>\n\t\t\t\t<\/div>\n\t\t","protected":false},"excerpt":{"rendered":"<p>https:\/\/bodegascenit.com\/wp-content\/uploads\/2025\/04\/Vinas-del-Cenit-enologo-1.mp4 OUR OENOLOGIST Jos\u00e9 Manuel Ben\u00e9itez Jos\u00e9 Manuel joined Vi\u00f1as del C\u00e9nit in 2019 after years of experience, working both in the Zamora region and in Arribes del Duero, where he also runs his own project. He is committed to crafting honest wines that serve as a true reflection of the land where they are [&hellip;]<\/p>\n","protected":false},"author":1,"featured_media":0,"parent":0,"menu_order":0,"comment_status":"closed","ping_status":"closed","template":"","meta":{"footnotes":""},"class_list":["post-3948","page","type-page","status-publish","hentry"],"yoast_head":"<!-- This site is optimized with the Yoast SEO plugin v27.3 - https:\/\/yoast.com\/product\/yoast-seo-wordpress\/ -->\n<title>Winemaker | Vi\u00f1as del Cenit<\/title>\n<meta name=\"robots\" content=\"index, follow, max-snippet:-1, max-image-preview:large, max-video-preview:-1\" \/>\n<link rel=\"canonical\" href=\"https:\/\/bodegascenit.com\/enologo\/\" \/>\n<meta property=\"og:locale\" content=\"en_US\" \/>\n<meta property=\"og:type\" content=\"article\" \/>\n<meta property=\"og:title\" content=\"Winemaker | Vi\u00f1as del Cenit\" \/>\n<meta property=\"og:description\" content=\"https:\/\/bodegascenit.com\/wp-content\/uploads\/2025\/04\/Vinas-del-Cenit-enologo-1.mp4 OUR OENOLOGIST Jos\u00e9 Manuel Ben\u00e9itez Jos\u00e9 Manuel joined Vi\u00f1as del C\u00e9nit in 2019 after years of experience, working both in the Zamora region and in Arribes del Duero, where he also runs his own project. He is committed to crafting honest wines that serve as a true reflection of the land where they are [&hellip;]\" \/>\n<meta property=\"og:url\" content=\"https:\/\/bodegascenit.com\/enologo\/\" \/>\n<meta property=\"og:site_name\" content=\"Vi\u00f1as del Cenit\" \/>\n<meta property=\"article:publisher\" content=\"https:\/\/www.facebook.com\/profile.php?id=100080266458466#\" \/>\n<meta property=\"article:modified_time\" content=\"2025-05-06T16:38:15+00:00\" \/>\n<meta property=\"og:image\" content=\"https:\/\/bodegascenit.com\/wp-content\/uploads\/2024\/11\/Bodegas-Vinas-del-Cenit-logo.png\" \/>\n\t<meta property=\"og:image:width\" content=\"544\" \/>\n\t<meta property=\"og:image:height\" content=\"294\" \/>\n\t<meta property=\"og:image:type\" content=\"image\/png\" \/>\n<meta name=\"twitter:card\" content=\"summary_large_image\" \/>\n<meta name=\"twitter:label1\" content=\"Est. reading time\" \/>\n\t<meta name=\"twitter:data1\" content=\"1 minute\" \/>\n<script type=\"application\/ld+json\" class=\"yoast-schema-graph\">{\"@context\":\"https:\\\/\\\/schema.org\",\"@graph\":[{\"@type\":\"WebPage\",\"@id\":\"https:\\\/\\\/bodegascenit.com\\\/enologo\\\/\",\"url\":\"https:\\\/\\\/bodegascenit.com\\\/enologo\\\/\",\"name\":\"Winemaker | Vi\u00f1as del Cenit\",\"isPartOf\":{\"@id\":\"https:\\\/\\\/bodegascenit.com\\\/#website\"},\"datePublished\":\"2024-11-20T14:16:15+00:00\",\"dateModified\":\"2025-05-06T16:38:15+00:00\",\"breadcrumb\":{\"@id\":\"https:\\\/\\\/bodegascenit.com\\\/enologo\\\/#breadcrumb\"},\"inLanguage\":\"en-US\",\"potentialAction\":[{\"@type\":\"ReadAction\",\"target\":[\"https:\\\/\\\/bodegascenit.com\\\/enologo\\\/\"]}]},{\"@type\":\"BreadcrumbList\",\"@id\":\"https:\\\/\\\/bodegascenit.com\\\/enologo\\\/#breadcrumb\",\"itemListElement\":[{\"@type\":\"ListItem\",\"position\":1,\"name\":\"Home\",\"item\":\"https:\\\/\\\/bodegascenit.com\\\/en\\\/home\\\/\"},{\"@type\":\"ListItem\",\"position\":2,\"name\":\"Winemaker\"}]},{\"@type\":\"WebSite\",\"@id\":\"https:\\\/\\\/bodegascenit.com\\\/#website\",\"url\":\"https:\\\/\\\/bodegascenit.com\\\/\",\"name\":\"Vi\u00f1as del Cenit\",\"description\":\"Viaja al origen de Tierra de Vino\",\"publisher\":{\"@id\":\"https:\\\/\\\/bodegascenit.com\\\/#organization\"},\"potentialAction\":[{\"@type\":\"SearchAction\",\"target\":{\"@type\":\"EntryPoint\",\"urlTemplate\":\"https:\\\/\\\/bodegascenit.com\\\/?s={search_term_string}\"},\"query-input\":{\"@type\":\"PropertyValueSpecification\",\"valueRequired\":true,\"valueName\":\"search_term_string\"}}],\"inLanguage\":\"en-US\"},{\"@type\":\"Organization\",\"@id\":\"https:\\\/\\\/bodegascenit.com\\\/#organization\",\"name\":\"Vi\u00f1as del Cenit\",\"url\":\"https:\\\/\\\/bodegascenit.com\\\/\",\"logo\":{\"@type\":\"ImageObject\",\"inLanguage\":\"en-US\",\"@id\":\"https:\\\/\\\/bodegascenit.com\\\/#\\\/schema\\\/logo\\\/image\\\/\",\"url\":\"https:\\\/\\\/bodegascenit.com\\\/wp-content\\\/uploads\\\/2024\\\/11\\\/Bodegas-Vinas-del-Cenit-logo.png\",\"contentUrl\":\"https:\\\/\\\/bodegascenit.com\\\/wp-content\\\/uploads\\\/2024\\\/11\\\/Bodegas-Vinas-del-Cenit-logo.png\",\"width\":544,\"height\":294,\"caption\":\"Vi\u00f1as del Cenit\"},\"image\":{\"@id\":\"https:\\\/\\\/bodegascenit.com\\\/#\\\/schema\\\/logo\\\/image\\\/\"},\"sameAs\":[\"https:\\\/\\\/www.facebook.com\\\/profile.php?id=100080266458466#\",\"https:\\\/\\\/www.instagram.com\\\/bodegasvinasdelcenit\\\/\"]}]}<\/script>\n<!-- \/ Yoast SEO plugin. -->","yoast_head_json":{"title":"Winemaker | Vi\u00f1as del Cenit","robots":{"index":"index","follow":"follow","max-snippet":"max-snippet:-1","max-image-preview":"max-image-preview:large","max-video-preview":"max-video-preview:-1"},"canonical":"https:\/\/bodegascenit.com\/enologo\/","og_locale":"en_US","og_type":"article","og_title":"Winemaker | Vi\u00f1as del Cenit","og_description":"https:\/\/bodegascenit.com\/wp-content\/uploads\/2025\/04\/Vinas-del-Cenit-enologo-1.mp4 OUR OENOLOGIST Jos\u00e9 Manuel Ben\u00e9itez Jos\u00e9 Manuel joined Vi\u00f1as del C\u00e9nit in 2019 after years of experience, working both in the Zamora region and in Arribes del Duero, where he also runs his own project. He is committed to crafting honest wines that serve as a true reflection of the land where they are [&hellip;]","og_url":"https:\/\/bodegascenit.com\/enologo\/","og_site_name":"Vi\u00f1as del Cenit","article_publisher":"https:\/\/www.facebook.com\/profile.php?id=100080266458466#","article_modified_time":"2025-05-06T16:38:15+00:00","og_image":[{"width":544,"height":294,"url":"https:\/\/bodegascenit.com\/wp-content\/uploads\/2024\/11\/Bodegas-Vinas-del-Cenit-logo.png","type":"image\/png"}],"twitter_card":"summary_large_image","twitter_misc":{"Est. reading time":"1 minute"},"schema":{"@context":"https:\/\/schema.org","@graph":[{"@type":"WebPage","@id":"https:\/\/bodegascenit.com\/enologo\/","url":"https:\/\/bodegascenit.com\/enologo\/","name":"Winemaker | Vi\u00f1as del Cenit","isPartOf":{"@id":"https:\/\/bodegascenit.com\/#website"},"datePublished":"2024-11-20T14:16:15+00:00","dateModified":"2025-05-06T16:38:15+00:00","breadcrumb":{"@id":"https:\/\/bodegascenit.com\/enologo\/#breadcrumb"},"inLanguage":"en-US","potentialAction":[{"@type":"ReadAction","target":["https:\/\/bodegascenit.com\/enologo\/"]}]},{"@type":"BreadcrumbList","@id":"https:\/\/bodegascenit.com\/enologo\/#breadcrumb","itemListElement":[{"@type":"ListItem","position":1,"name":"Home","item":"https:\/\/bodegascenit.com\/en\/home\/"},{"@type":"ListItem","position":2,"name":"Winemaker"}]},{"@type":"WebSite","@id":"https:\/\/bodegascenit.com\/#website","url":"https:\/\/bodegascenit.com\/","name":"Vi\u00f1as del Cenit","description":"Viaja al origen de Tierra de Vino","publisher":{"@id":"https:\/\/bodegascenit.com\/#organization"},"potentialAction":[{"@type":"SearchAction","target":{"@type":"EntryPoint","urlTemplate":"https:\/\/bodegascenit.com\/?s={search_term_string}"},"query-input":{"@type":"PropertyValueSpecification","valueRequired":true,"valueName":"search_term_string"}}],"inLanguage":"en-US"},{"@type":"Organization","@id":"https:\/\/bodegascenit.com\/#organization","name":"Vi\u00f1as del Cenit","url":"https:\/\/bodegascenit.com\/","logo":{"@type":"ImageObject","inLanguage":"en-US","@id":"https:\/\/bodegascenit.com\/#\/schema\/logo\/image\/","url":"https:\/\/bodegascenit.com\/wp-content\/uploads\/2024\/11\/Bodegas-Vinas-del-Cenit-logo.png","contentUrl":"https:\/\/bodegascenit.com\/wp-content\/uploads\/2024\/11\/Bodegas-Vinas-del-Cenit-logo.png","width":544,"height":294,"caption":"Vi\u00f1as del Cenit"},"image":{"@id":"https:\/\/bodegascenit.com\/#\/schema\/logo\/image\/"},"sameAs":["https:\/\/www.facebook.com\/profile.php?id=100080266458466#","https:\/\/www.instagram.com\/bodegasvinasdelcenit\/"]}]}},"_links":{"self":[{"href":"https:\/\/bodegascenit.com\/en\/wp-json\/wp\/v2\/pages\/3948","targetHints":{"allow":["GET"]}}],"collection":[{"href":"https:\/\/bodegascenit.com\/en\/wp-json\/wp\/v2\/pages"}],"about":[{"href":"https:\/\/bodegascenit.com\/en\/wp-json\/wp\/v2\/types\/page"}],"author":[{"embeddable":true,"href":"https:\/\/bodegascenit.com\/en\/wp-json\/wp\/v2\/users\/1"}],"replies":[{"embeddable":true,"href":"https:\/\/bodegascenit.com\/en\/wp-json\/wp\/v2\/comments?post=3948"}],"version-history":[{"count":34,"href":"https:\/\/bodegascenit.com\/en\/wp-json\/wp\/v2\/pages\/3948\/revisions"}],"predecessor-version":[{"id":4979,"href":"https:\/\/bodegascenit.com\/en\/wp-json\/wp\/v2\/pages\/3948\/revisions\/4979"}],"wp:attachment":[{"href":"https:\/\/bodegascenit.com\/en\/wp-json\/wp\/v2\/media?parent=3948"}],"curies":[{"name":"wp","href":"https:\/\/api.w.org\/{rel}","templated":true}]}}